{"id":8,"date":"2021-01-03T14:43:42","date_gmt":"2021-01-03T14:43:42","guid":{"rendered":"http:\/\/eghonguzmanb.cl\/site\/?page_id=8"},"modified":"2024-03-06T00:55:45","modified_gmt":"2024-03-06T00:55:45","slug":"inicio","status":"publish","type":"page","link":"https:\/\/eghonguzmanb.cl\/site\/","title":{"rendered":"Inicio"},"content":{"rendered":"\t\t<div data-elementor-type=\"wp-page\" data-elementor-id=\"8\" class=\"elementor elementor-8\" data-elementor-settings=\"[]\">\n\t\t\t\t\t\t<div class=\"elementor-inner\">\n\t\t\t\t\t\t\t<div class=\"elementor-section-wrap\">\n\t\t\t\t\t\t\t<section class=\"elementor-section elementor-top-section elementor-element elementor-element-6633bd2 elementor-section-boxed elementor-section-height-default elementor-section-height-default\" data-id=\"6633bd2\" data-element_type=\"section\">\n\t\t\t\t\t\t<div class=\"elementor-container elementor-column-gap-default\">\n\t\t\t\t\t\t\t<div class=\"elementor-row\">\n\t\t\t\t\t<div class=\"elementor-column elementor-col-50 elementor-top-column elementor-element elementor-element-14a6daa\" data-id=\"14a6daa\" data-element_type=\"column\">\n\t\t\t<div class=\"elementor-column-wrap elementor-element-populated\">\n\t\t\t\t\t\t\t<div class=\"elementor-widget-wrap\">\n\t\t\t\t\t\t<div class=\"elementor-element elementor-element-eff7122 elementor-widget elementor-widget-image\" data-id=\"eff7122\" data-element_type=\"widget\" data-widget_type=\"image.default\">\n\t\t\t\t<div class=\"elementor-widget-container\">\n\t\t\t\t\t\t\t\t<div class=\"elementor-image\">\n\t\t\t\t\t\t\t\t\t\t\t\t<img loading=\"lazy\" decoding=\"async\" width=\"169\" height=\"191\" src=\"https:\/\/eghonguzmanb.cl\/site\/wp-content\/uploads\/2021\/01\/Captura-de-pantalla-2021-01-03-a-las-16.41.18.png\" class=\"attachment-full size-full\" alt=\"\" \/>\t\t\t\t\t\t\t\t\t\t\t\t\t\t<\/div>\n\t\t\t\t\t\t<\/div>\n\t\t\t\t<\/div>\n\t\t\t\t\t\t<\/div>\n\t\t\t\t\t<\/div>\n\t\t<\/div>\n\t\t\t\t<div class=\"elementor-column elementor-col-50 elementor-top-column elementor-element elementor-element-3c4ecb2\" data-id=\"3c4ecb2\" data-element_type=\"column\">\n\t\t\t<div class=\"elementor-column-wrap elementor-element-populated\">\n\t\t\t\t\t\t\t<div class=\"elementor-widget-wrap\">\n\t\t\t\t\t\t<div class=\"elementor-element elementor-element-5ae0eaa elementor-widget elementor-widget-text-editor\" data-id=\"5ae0eaa\" data-element_type=\"widget\" data-widget_type=\"text-editor.default\">\n\t\t\t\t<div class=\"elementor-widget-container\">\n\t\t\t\t\t\t\t\t<div class=\"elementor-text-editor elementor-clearfix\">\n\t\t\t\t\t<p><span style=\"color: #000000;\">Licenciado en Medicina y m\u00e9dico Cirujano, Universidad de Chile. Especialidad de Obstetricia y Ginecolog\u00eda, Pontificia Universidad Cat\u00f3lica de Chile; Postgrado en Diagn\u00f3stico Prenatal; Tratamiento y Consejer\u00eda Gen\u00e9tica, Universidad de Barcelona, Espa\u00f1a; Subespecialidad en Medicina Materno Fetal, CONACEM.<\/span><\/p><p><span style=\"color: #000000;\">Creador, Fundador y Presidente del Colegio Americano de Obstetras y Ginec\u00f3logos secci\u00f3n Chile 2007-2013; Miembro Integrante del Cono Sur del desarrollo profesional de la Federaci\u00f3n Latinoamericana de Obstetricia y Ginecolog\u00eda (FLASOG); Asesor Programa de la mujer del Ministerio de Salud de Chile; Presidente, Miembro Honorario y Maestro de la Sociedad Chilena de Ultrasonograf\u00eda en Medicina y Biolog\u00eda; Presidente de ASOCIMED y miembro de sociedades internacionales de Obstetras y Ginec\u00f3logos y Presidente y Miembro Honorario de la Sociedad Chilena de Obstetricia y Ginecolog\u00eda.<\/span><\/p>\t\t\t\t\t<\/div>\n\t\t\t\t\t\t<\/div>\n\t\t\t\t<\/div>\n\t\t\t\t\t\t<\/div>\n\t\t\t\t\t<\/div>\n\t\t<\/div>\n\t\t\t\t\t\t\t\t<\/div>\n\t\t\t\t\t<\/div>\n\t\t<\/section>\n\t\t\t\t\t\t<\/div>\n\t\t\t\t\t\t<\/div>\n\t\t\t\t\t<\/div>\n\t\t","protected":false},"excerpt":{"rendered":"<p>Licenciado en Medicina y m\u00e9dico Cirujano, Universidad de Chile. Especialidad de Obstetricia y Ginecolog\u00eda, Pontificia Universidad Cat\u00f3lica de Chile; Postgrado en Diagn\u00f3stico Prenatal; Tratamiento y Consejer\u00eda Gen\u00e9tica, Universidad de Barcelona, Espa\u00f1a; Subespecialidad en Medicina Materno Fetal, CONACEM. Creador, Fundador y Presidente del Colegio Americano de Obstetras y Ginec\u00f3logos secci\u00f3n Chile 2007-2013; Miembro Integrante del Cono Sur del desarrollo profesional de la Federaci\u00f3n Latinoamericana de Obstetricia y Ginecolog\u00eda (FLASOG); Asesor Programa de la mujer del Ministerio de Salud de Chile; Presidente, Miembro Honorario y Maestro de la Sociedad Chilena de Ultrasonograf\u00eda en Medicina y Biolog\u00eda; Presidente de ASOCIMED y miembro de sociedades internacionales de Obstetras y Ginec\u00f3logos y Presidente y Miembro Honorario de la Sociedad Chilena de Obstetricia y Ginecolog\u00eda.<\/p>\n","protected":false},"author":1,"featured_media":0,"parent":0,"menu_order":0,"comment_status":"closed","ping_status":"closed","template":"","meta":{"footnotes":""},"class_list":["post-8","page","type-page","status-publish","hentry"],"_links":{"self":[{"href":"https:\/\/eghonguzmanb.cl\/site\/wp-json\/wp\/v2\/pages\/8","targetHints":{"allow":["GET"]}}],"collection":[{"href":"https:\/\/eghonguzmanb.cl\/site\/wp-json\/wp\/v2\/pages"}],"about":[{"href":"https:\/\/eghonguzmanb.cl\/site\/wp-json\/wp\/v2\/types\/page"}],"author":[{"embeddable":true,"href":"https:\/\/eghonguzmanb.cl\/site\/wp-json\/wp\/v2\/users\/1"}],"replies":[{"embeddable":true,"href":"https:\/\/eghonguzmanb.cl\/site\/wp-json\/wp\/v2\/comments?post=8"}],"version-history":[{"count":28,"href":"https:\/\/eghonguzmanb.cl\/site\/wp-json\/wp\/v2\/pages\/8\/revisions"}],"predecessor-version":[{"id":6836,"href":"https:\/\/eghonguzmanb.cl\/site\/wp-json\/wp\/v2\/pages\/8\/revisions\/6836"}],"wp:attachment":[{"href":"https:\/\/eghonguzmanb.cl\/site\/wp-json\/wp\/v2\/media?parent=8"}],"curies":[{"name":"wp","href":"https:\/\/api.w.org\/{rel}","templated":true}]}}