{"id":7407,"date":"2025-09-10T02:27:55","date_gmt":"2025-09-10T02:27:55","guid":{"rendered":"https:\/\/eghonguzmanb.cl\/site\/?page_id=7407"},"modified":"2025-09-11T20:36:23","modified_gmt":"2025-09-11T20:36:23","slug":"asocimed-cumple-25-anos-ceremonia-en-el-instituto-chile-se-nombra-presidente-emerito-de-31-sociedades-cientificas-medicas-de-chile","status":"publish","type":"page","link":"https:\/\/eghonguzmanb.cl\/site\/asocimed-cumple-25-anos-ceremonia-en-el-instituto-chile-se-nombra-presidente-emerito-de-31-sociedades-cientificas-medicas-de-chile\/","title":{"rendered":"Asocimed cumple 25 a\u00f1os, Ceremonia en el Instituto Chile.  Se Nombra al Dr. Eghon Guzm\u00e1n  Presidente Emerito de 31 Sociedades Cientificas M\u00e9dicas de Chile."},"content":{"rendered":"\n<p><br>Este 21 de agosto 2025, Asocimed cumple 25 a\u00f1os; la ceremonia fue realizada en el <strong>Instituto Chile<\/strong>. En el marco de esta ceremonia se nombra <strong>Presidente Em\u00e9rito<\/strong> de 31 Sociedades Cientificas M\u00e9dicas de Chile.<\/p>\n\n\n\n<p><\/p>\n\n\n\n<figure class=\"wp-block-image size-large\"><img loading=\"lazy\" decoding=\"async\" width=\"576\" height=\"1024\" src=\"https:\/\/eghonguzmanb.cl\/site\/wp-content\/uploads\/2025\/09\/PHOTO-2025-08-27-08-01-51-576x1024.jpg\" alt=\"\" class=\"wp-image-7409\" srcset=\"https:\/\/eghonguzmanb.cl\/site\/wp-content\/uploads\/2025\/09\/PHOTO-2025-08-27-08-01-51-576x1024.jpg 576w, https:\/\/eghonguzmanb.cl\/site\/wp-content\/uploads\/2025\/09\/PHOTO-2025-08-27-08-01-51-169x300.jpg 169w, https:\/\/eghonguzmanb.cl\/site\/wp-content\/uploads\/2025\/09\/PHOTO-2025-08-27-08-01-51-768x1365.jpg 768w, https:\/\/eghonguzmanb.cl\/site\/wp-content\/uploads\/2025\/09\/PHOTO-2025-08-27-08-01-51-864x1536.jpg 864w, https:\/\/eghonguzmanb.cl\/site\/wp-content\/uploads\/2025\/09\/PHOTO-2025-08-27-08-01-51.jpg 900w\" sizes=\"auto, (max-width: 576px) 100vw, 576px\" \/><\/figure>\n\n\n\n<p><\/p>\n\n\n\n<div class=\"wp-block-algori-pdf-viewer-block-algori-pdf-viewer\"><iframe class=\"wp-block-algori-pdf-viewer-block-algori-pdf-viewer-iframe\" src=\"https:\/\/eghonguzmanb.cl\/site\/wp-content\/plugins\/algori-pdf-viewer\/dist\/web\/viewer.html?file=https%3A%2F%2Feghonguzmanb.cl%2Fsite%2Fwp-content%2Fuploads%2F2025%2F09%2Fpast-president-1.pdf\" style=\"width:900px;height:500px\"><\/iframe><\/div>\n","protected":false},"excerpt":{"rendered":"<p>Este 21 de agosto 2025, Asocimed cumple 25 a\u00f1os; la ceremonia fue realizada en el Instituto Chile. En el marco de esta ceremonia se nombra Presidente Em\u00e9rito de 31 Sociedades Cientificas M\u00e9dicas de Chile.<\/p>\n","protected":false},"author":1,"featured_media":0,"parent":0,"menu_order":0,"comment_status":"closed","ping_status":"closed","template":"","meta":{"footnotes":""},"class_list":["post-7407","page","type-page","status-publish","hentry"],"_links":{"self":[{"href":"https:\/\/eghonguzmanb.cl\/site\/wp-json\/wp\/v2\/pages\/7407","targetHints":{"allow":["GET"]}}],"collection":[{"href":"https:\/\/eghonguzmanb.cl\/site\/wp-json\/wp\/v2\/pages"}],"about":[{"href":"https:\/\/eghonguzmanb.cl\/site\/wp-json\/wp\/v2\/types\/page"}],"author":[{"embeddable":true,"href":"https:\/\/eghonguzmanb.cl\/site\/wp-json\/wp\/v2\/users\/1"}],"replies":[{"embeddable":true,"href":"https:\/\/eghonguzmanb.cl\/site\/wp-json\/wp\/v2\/comments?post=7407"}],"version-history":[{"count":4,"href":"https:\/\/eghonguzmanb.cl\/site\/wp-json\/wp\/v2\/pages\/7407\/revisions"}],"predecessor-version":[{"id":7424,"href":"https:\/\/eghonguzmanb.cl\/site\/wp-json\/wp\/v2\/pages\/7407\/revisions\/7424"}],"wp:attachment":[{"href":"https:\/\/eghonguzmanb.cl\/site\/wp-json\/wp\/v2\/media?parent=7407"}],"curies":[{"name":"wp","href":"https:\/\/api.w.org\/{rel}","templated":true}]}}