{"id":6743,"date":"2024-02-22T03:06:25","date_gmt":"2024-02-22T03:06:25","guid":{"rendered":"https:\/\/eghonguzmanb.cl\/site\/?page_id=6743"},"modified":"2025-07-24T01:38:15","modified_gmt":"2025-07-24T01:38:15","slug":"la-panera","status":"publish","type":"page","link":"https:\/\/eghonguzmanb.cl\/site\/la-panera\/","title":{"rendered":"La Panera &#8211; Revista de Arte y Cultura"},"content":{"rendered":"\t\t<div data-elementor-type=\"wp-page\" data-elementor-id=\"6743\" class=\"elementor elementor-6743\" data-elementor-settings=\"[]\">\n\t\t\t\t\t\t<div class=\"elementor-inner\">\n\t\t\t\t\t\t\t<div class=\"elementor-section-wrap\">\n\t\t\t\t\t\t\t<section class=\"elementor-section elementor-top-section elementor-element elementor-element-13f65c9 elementor-section-boxed elementor-section-height-default elementor-section-height-default\" data-id=\"13f65c9\" data-element_type=\"section\">\n\t\t\t\t\t\t<div class=\"elementor-container elementor-column-gap-default\">\n\t\t\t\t\t\t\t<div class=\"elementor-row\">\n\t\t\t\t\t<div class=\"elementor-column elementor-col-100 elementor-top-column elementor-element elementor-element-d13c5ca\" data-id=\"d13c5ca\" data-element_type=\"column\">\n\t\t\t<div class=\"elementor-column-wrap elementor-element-populated\">\n\t\t\t\t\t\t\t<div class=\"elementor-widget-wrap\">\n\t\t\t\t\t\t<div class=\"elementor-element elementor-element-7352b9a elementor-widget elementor-widget-text-editor\" data-id=\"7352b9a\" data-element_type=\"widget\" data-widget_type=\"text-editor.default\">\n\t\t\t\t<div class=\"elementor-widget-container\">\n\t\t\t\t\t\t\t\t<div class=\"elementor-text-editor elementor-clearfix\">\n\t\t\t\t\t<ul><li style=\"font-weight: 400;\"><span style=\"color: #000000;\">La Panera es una revista mensual de arte y cultura editada por la Fundaci\u00f3n Arte+<\/span><\/li><li style=\"font-weight: 400;\"><span style=\"color: #000000;\">La Presidente es Patricia Ready Kattan. Galer\u00eda Patricia Ready<\/span><\/li><li style=\"font-weight: 400;\"><span style=\"color: #000000;\">La Directora Jefa y Edici\u00f3n Period\u00edstica es Pilar Entrala Vergara.<\/span><\/li><li style=\"font-weight: 400;\"><span style=\"color: #000000;\">La Panera llega a las bibliotecas de las universidades de Harvard, Stanford, Texas (Austin), Minnesota y Toronto, del Ibero-Amerikanisches Institut (Berl\u00edn), y a la biblioteca del Congreso de los Estados Unidos gracias a HBooks.<\/span><\/li><li style=\"font-weight: 400;\"><span style=\"color: #000000;\">Edici\u00f3n Limitada (40 mil unidades).<\/span><\/li><\/ul><h3><span style=\"color: #000000;\">Ediciones<\/span><\/h3><p class=\"p1\"><span style=\"color: #000000;\"><a style=\"color: #000000;\" href=\"https:\/\/eghonguzmanb.cl\/site\/2024\/03\/06\/la-panera-en-tiempos-de-zetabyte\/\">1 La Panera \/ En tiempos de Zetabyte<\/a><\/span><\/p><ul><li><span style=\"color: #000000;\"><a style=\"color: #000000;\" href=\"https:\/\/eghonguzmanb.cl\/site\/in-the-times-of-the-zettabyte\/\">In the times of the Zettabyte (English version)<\/a><\/span><\/li><\/ul><p><span style=\"color: #000000;\"><a style=\"color: #000000;\" href=\"https:\/\/eghonguzmanb.cl\/site\/2022\/04\/11\/entrevista-presidente-asocimed-la-panera\/\">2 La Panera \/ Cuando la realidad supera la ficci\u00f3n<\/a><\/span><\/p><ul><li><span style=\"color: #000000;\"><a style=\"color: #000000;\" href=\"https:\/\/eghonguzmanb.cl\/site\/when-reality-exceeds-fiction\/\">When reality exceeds fiction<\/a><\/span><\/li><\/ul><p><span style=\"color: #000000;\"><a style=\"color: #000000;\" href=\"https:\/\/eghonguzmanb.cl\/site\/2024\/03\/06\/la-panera-la-union-hace-la-fuerza\/\">3 La Panera \/ La union hace la Fuerza<\/a><\/span><\/p><ul><li><span style=\"color: #000000;\"><a style=\"color: #000000;\" href=\"https:\/\/eghonguzmanb.cl\/site\/unity-makes-strength\/\">Unity makes strength<\/a><\/span><\/li><\/ul><p class=\"p1\"><span style=\"color: #000000;\"><a style=\"color: #000000;\" href=\"https:\/\/eghonguzmanb.cl\/site\/2023\/04\/21\/publicacion-la-panera-la-felicidad-por-eghon-guzman-abril-2023\/\">4 La Panera \/ Una actitud altamente contagiosa<\/a><\/span><\/p><ul><li><span style=\"color: #000000;\"><a style=\"color: #000000;\" href=\"https:\/\/eghonguzmanb.cl\/site\/happiness\/\">Happiness<\/a><\/span><\/li><\/ul><p class=\"p1\"><span style=\"color: #000000;\"><a style=\"color: #000000;\" href=\"https:\/\/eghonguzmanb.cl\/site\/2024\/01\/21\/vale-dolor-o-sufrimiento\/\">5 La Panera \/ Mens sana in corpore sano<\/a><\/span><\/p><p class=\"p1\"><span style=\"color: #000000;\"><a style=\"color: #000000;\" href=\"https:\/\/eghonguzmanb.cl\/site\/2024\/03\/06\/la-panera-inteligencia-artificial\/\">6 La Panera \/ Inteligencia artificial Mito Leyenda o verdad<\/a><\/span><\/p><ul><li><span style=\"color: #000000;\"><a style=\"color: #000000;\" href=\"https:\/\/eghonguzmanb.cl\/site\/ia\/\">IA<\/a><\/span><\/li><\/ul><p class=\"p1\"><span style=\"color: #000000;\"><a style=\"color: #000000;\" href=\"https:\/\/eghonguzmanb.cl\/site\/2024\/01\/21\/68-la-ciencia-y-el-arte-maravilla-de-la-mente-humana\/\">7 La Panera \/ Ciencia y arte<\/a><\/span><\/p><p class=\"p1\"><span style=\"color: #000000;\"><a style=\"color: #000000;\" href=\"https:\/\/eghonguzmanb.cl\/site\/2023\/12\/23\/el-poder-de-la-musica\/\">8 La Panera \/ El poder de la musica en la salud mental<\/a><\/span><\/p><ul><li><span style=\"color: #000000;\"><a style=\"color: #000000;\" href=\"https:\/\/eghonguzmanb.cl\/site\/the-power-of-music-in-mental-health\/\">The Power of Music in Mental Health<\/a><\/span><\/li><\/ul><p class=\"p1\"><span style=\"color: #000000;\"><a style=\"color: #000000;\" href=\"https:\/\/eghonguzmanb.cl\/site\/9-la-panera-los-paradigmas-de-la-humanidad\/\">9 La Panera \/ Los paradigmas de la humanidad<\/a><\/span><\/p><ul><li><span style=\"color: #000000;\"><a style=\"color: #000000;\" href=\"https:\/\/eghonguzmanb.cl\/site\/paradigms-that-never-cease-to-amaze-us\/\">Paradigms that never cease to amaze us<\/a><\/span><\/li><\/ul><p><span style=\"color: #000000;\"><a style=\"color: #000000;\" href=\"https:\/\/eghonguzmanb.cl\/site\/2024\/07\/09\/fe-y-ciencia\/\">10 La Panera \/ Fe y Ciencia<\/a><\/span><\/p><ul><li><span style=\"color: #000000;\"><a style=\"color: #000000;\" href=\"https:\/\/eghonguzmanb.cl\/site\/2024\/07\/09\/faith-and-science\/\">Faith and Science<\/a><\/span><\/li><\/ul><p><span style=\"color: #000000;\"><a style=\"color: #000000;\" href=\"https:\/\/eghonguzmanb.cl\/site\/2024\/11\/19\/11-envejecimiento-activo\/\">11 La Panera \/ Envejecimiento Activo<\/a><\/span><\/p><ul><li><span style=\"color: #000000;\"><a style=\"color: #000000;\" href=\"https:\/\/eghonguzmanb.cl\/site\/active-aging\/\">Active Aging<\/a><\/span><\/li><\/ul><p><span style=\"color: #000000;\"><a style=\"color: #000000;\" href=\"https:\/\/eghonguzmanb.cl\/site\/2025\/03\/14\/placer-doloroso-dolor-placentero-o-ambos\/\">12 La Panera \/ \u00bfPlacer doloroso, dolor placentero o ambos?<\/a><\/span><\/p><ul><li><span style=\"color: #000000;\"><a style=\"color: #000000;\" href=\"https:\/\/eghonguzmanb.cl\/site\/painful-pleasure-pleasurable-pain-or-both\/\">Painful pleasure, pleasurable pain, or both?<\/a><\/span><\/li><\/ul><p><span style=\"color: #000000;\"><a style=\"color: #000000;\" href=\"https:\/\/eghonguzmanb.cl\/site\/2025\/07\/24\/la-soledad-como-epidemia-invisible-salud-cultura-y-vinculos-rotos\/\">13 La Soledad como epidemia invisible: salud, cultura y v\u00ednculos rotos<\/a><\/span><\/p><p>\u00a0<\/p>\t\t\t\t\t<\/div>\n\t\t\t\t\t\t<\/div>\n\t\t\t\t<\/div>\n\t\t\t\t\t\t<\/div>\n\t\t\t\t\t<\/div>\n\t\t<\/div>\n\t\t\t\t\t\t\t\t<\/div>\n\t\t\t\t\t<\/div>\n\t\t<\/section>\n\t\t\t\t\t\t<\/div>\n\t\t\t\t\t\t<\/div>\n\t\t\t\t\t<\/div>\n\t\t","protected":false},"excerpt":{"rendered":"<p>La Panera es una revista mensual de arte y cultura editada por la Fundaci\u00f3n Arte+ La Presidente es Patricia Ready Kattan. Galer\u00eda Patricia Ready La Directora Jefa y Edici\u00f3n Period\u00edstica es Pilar Entrala Vergara. La Panera llega a las bibliotecas de las universidades de Harvard, Stanford, Texas (Austin), Minnesota y Toronto, del Ibero-Amerikanisches Institut (Berl\u00edn), y a la biblioteca del Congreso de los Estados Unidos gracias a HBooks. Edici\u00f3n Limitada (40 mil unidades). Ediciones 1 La Panera \/ En tiempos de Zetabyte In the times of the Zettabyte (English version) 2 La Panera \/ Cuando la realidad supera la ficci\u00f3n When reality exceeds fiction 3 La Panera \/ La union hace la Fuerza Unity makes strength 4 La Panera \/ Una actitud altamente contagiosa Happiness 5 La Panera \/ Mens sana in corpore sano 6 La Panera \/ Inteligencia artificial Mito Leyenda o verdad IA 7 La Panera \/ Ciencia y arte 8 La Panera \/ El poder de la musica en la salud mental The Power of Music in Mental Health 9 La Panera \/ Los paradigmas de la humanidad Paradigms that never cease to amaze us 10 La Panera \/ Fe y Ciencia Faith and Science 11 La Panera \/ Envejecimiento Activo Active Aging 12 La Panera \/ \u00bfPlacer doloroso, dolor placentero o ambos? Painful pleasure, pleasurable pain, or both? 13 La Soledad como epidemia invisible: salud, cultura y v\u00ednculos rotos \u00a0<\/p>\n","protected":false},"author":1,"featured_media":0,"parent":0,"menu_order":0,"comment_status":"closed","ping_status":"closed","template":"","meta":{"footnotes":""},"class_list":["post-6743","page","type-page","status-publish","hentry"],"_links":{"self":[{"href":"https:\/\/eghonguzmanb.cl\/site\/wp-json\/wp\/v2\/pages\/6743","targetHints":{"allow":["GET"]}}],"collection":[{"href":"https:\/\/eghonguzmanb.cl\/site\/wp-json\/wp\/v2\/pages"}],"about":[{"href":"https:\/\/eghonguzmanb.cl\/site\/wp-json\/wp\/v2\/types\/page"}],"author":[{"embeddable":true,"href":"https:\/\/eghonguzmanb.cl\/site\/wp-json\/wp\/v2\/users\/1"}],"replies":[{"embeddable":true,"href":"https:\/\/eghonguzmanb.cl\/site\/wp-json\/wp\/v2\/comments?post=6743"}],"version-history":[{"count":120,"href":"https:\/\/eghonguzmanb.cl\/site\/wp-json\/wp\/v2\/pages\/6743\/revisions"}],"predecessor-version":[{"id":7381,"href":"https:\/\/eghonguzmanb.cl\/site\/wp-json\/wp\/v2\/pages\/6743\/revisions\/7381"}],"wp:attachment":[{"href":"https:\/\/eghonguzmanb.cl\/site\/wp-json\/wp\/v2\/media?parent=6743"}],"curies":[{"name":"wp","href":"https:\/\/api.w.org\/{rel}","templated":true}]}}