{"id":6669,"date":"2023-12-25T11:57:26","date_gmt":"2023-12-25T11:57:26","guid":{"rendered":"https:\/\/eghonguzmanb.cl\/site\/?page_id=6669"},"modified":"2023-12-25T11:57:26","modified_gmt":"2023-12-25T11:57:26","slug":"478-figo-congreso-mundial-de-ginecologia-y-obstetricia-consejo-europeo-de-acreditacion-para-la-educacion-medica-continua","status":"publish","type":"page","link":"https:\/\/eghonguzmanb.cl\/site\/478-figo-congreso-mundial-de-ginecologia-y-obstetricia-consejo-europeo-de-acreditacion-para-la-educacion-medica-continua\/","title":{"rendered":"478 FIGO Congreso Mundial de Ginecologia y Obstetricia, Consejo Europeo de Acreditaci\u00f3n para la Educaci\u00f3n M\u00e9dica Continua."},"content":{"rendered":"\n<div class=\"wp-block-algori-pdf-viewer-block-algori-pdf-viewer\"><iframe class=\"wp-block-algori-pdf-viewer-block-algori-pdf-viewer-iframe\" src=\"https:\/\/eghonguzmanb.cl\/site\/wp-content\/plugins\/algori-pdf-viewer\/dist\/web\/viewer.html?file=https%3A%2F%2Feghonguzmanb.cl%2Fsite%2Fwp-content%2Fuploads%2F2023%2F12%2F23FIGO_-_EACCME_certificate_0001-0000-19.pdf\" style=\"width:900px;height:1200px\"><\/iframe><\/div>\n","protected":false},"excerpt":{"rendered":"","protected":false},"author":1,"featured_media":0,"parent":0,"menu_order":0,"comment_status":"closed","ping_status":"closed","template":"","meta":{"footnotes":""},"class_list":["post-6669","page","type-page","status-publish","hentry"],"_links":{"self":[{"href":"https:\/\/eghonguzmanb.cl\/site\/wp-json\/wp\/v2\/pages\/6669","targetHints":{"allow":["GET"]}}],"collection":[{"href":"https:\/\/eghonguzmanb.cl\/site\/wp-json\/wp\/v2\/pages"}],"about":[{"href":"https:\/\/eghonguzmanb.cl\/site\/wp-json\/wp\/v2\/types\/page"}],"author":[{"embeddable":true,"href":"https:\/\/eghonguzmanb.cl\/site\/wp-json\/wp\/v2\/users\/1"}],"replies":[{"embeddable":true,"href":"https:\/\/eghonguzmanb.cl\/site\/wp-json\/wp\/v2\/comments?post=6669"}],"version-history":[{"count":1,"href":"https:\/\/eghonguzmanb.cl\/site\/wp-json\/wp\/v2\/pages\/6669\/revisions"}],"predecessor-version":[{"id":6671,"href":"https:\/\/eghonguzmanb.cl\/site\/wp-json\/wp\/v2\/pages\/6669\/revisions\/6671"}],"wp:attachment":[{"href":"https:\/\/eghonguzmanb.cl\/site\/wp-json\/wp\/v2\/media?parent=6669"}],"curies":[{"name":"wp","href":"https:\/\/api.w.org\/{rel}","templated":true}]}}