{"id":6592,"date":"2023-09-22T23:32:03","date_gmt":"2023-09-22T23:32:03","guid":{"rendered":"https:\/\/eghonguzmanb.cl\/site\/?page_id=6592"},"modified":"2023-09-24T17:16:36","modified_gmt":"2023-09-24T17:16:36","slug":"67-codigo-de-etica-para-las-sociedades-cientificas-medicas-de-chile-coautor-presidente-del-comite","status":"publish","type":"page","link":"https:\/\/eghonguzmanb.cl\/site\/67-codigo-de-etica-para-las-sociedades-cientificas-medicas-de-chile-coautor-presidente-del-comite\/","title":{"rendered":"67.- C\u00f3digo de \u00c9tica para las Sociedades Cient\u00edficas M\u00e9dicas de Chile &#8211; Coautor\/Presidente del Comit\u00e9"},"content":{"rendered":"\n<div class=\"wp-block-algori-pdf-viewer-block-algori-pdf-viewer\"><iframe class=\"wp-block-algori-pdf-viewer-block-algori-pdf-viewer-iframe\" src=\"https:\/\/eghonguzmanb.cl\/site\/wp-content\/plugins\/algori-pdf-viewer\/dist\/web\/viewer.html?file=https%3A%2F%2Feghonguzmanb.cl%2Fsite%2Fwp-content%2Fuploads%2F2023%2F09%2FCODIGO-DE-ETICA-DE-LAS-SOCIEDADES-CIENTIFICAS-MEDICAS-DE-CHILE-220923.pdf\" style=\"width:900px;height:1200px\"><\/iframe><\/div>\n","protected":false},"excerpt":{"rendered":"","protected":false},"author":1,"featured_media":0,"parent":0,"menu_order":0,"comment_status":"closed","ping_status":"closed","template":"","meta":{"footnotes":""},"class_list":["post-6592","page","type-page","status-publish","hentry"],"_links":{"self":[{"href":"https:\/\/eghonguzmanb.cl\/site\/wp-json\/wp\/v2\/pages\/6592","targetHints":{"allow":["GET"]}}],"collection":[{"href":"https:\/\/eghonguzmanb.cl\/site\/wp-json\/wp\/v2\/pages"}],"about":[{"href":"https:\/\/eghonguzmanb.cl\/site\/wp-json\/wp\/v2\/types\/page"}],"author":[{"embeddable":true,"href":"https:\/\/eghonguzmanb.cl\/site\/wp-json\/wp\/v2\/users\/1"}],"replies":[{"embeddable":true,"href":"https:\/\/eghonguzmanb.cl\/site\/wp-json\/wp\/v2\/comments?post=6592"}],"version-history":[{"count":2,"href":"https:\/\/eghonguzmanb.cl\/site\/wp-json\/wp\/v2\/pages\/6592\/revisions"}],"predecessor-version":[{"id":6600,"href":"https:\/\/eghonguzmanb.cl\/site\/wp-json\/wp\/v2\/pages\/6592\/revisions\/6600"}],"wp:attachment":[{"href":"https:\/\/eghonguzmanb.cl\/site\/wp-json\/wp\/v2\/media?parent=6592"}],"curies":[{"name":"wp","href":"https:\/\/api.w.org\/{rel}","templated":true}]}}