{"id":5411,"date":"2021-08-29T17:24:00","date_gmt":"2021-08-29T17:24:00","guid":{"rendered":"https:\/\/eghonguzmanb.cl\/site\/?page_id=5411"},"modified":"2021-08-29T17:24:00","modified_gmt":"2021-08-29T17:24:00","slug":"disertante-streptococo-beta-hemolitico-agalactie-jornadas-internacionales-del-v-congreso-cruceno-de-obstetricia-y-ginecologia-del-22-al-25-de-octubre-2014-santa-cruz-de-la-sierra","status":"publish","type":"page","link":"https:\/\/eghonguzmanb.cl\/site\/disertante-streptococo-beta-hemolitico-agalactie-jornadas-internacionales-del-v-congreso-cruceno-de-obstetricia-y-ginecologia-del-22-al-25-de-octubre-2014-santa-cruz-de-la-sierra\/","title":{"rendered":"Disertante \u201cStreptococo Beta Hemol\u00edtico Agalactie\u201d Jornadas Internacionales del V Congreso Cruce\u00f1o de Obstetricia y Ginecolog\u00eda, del 22 al 25 de octubre, 2014, Santa Cruz de la Sierra-Bolivia (22 horas acad\u00e9micas)."},"content":{"rendered":"\n<div class=\"wp-block-algori-pdf-viewer-block-algori-pdf-viewer\"><iframe class=\"wp-block-algori-pdf-viewer-block-algori-pdf-viewer-iframe\" src=\"https:\/\/eghonguzmanb.cl\/site\/wp-content\/plugins\/algori-pdf-viewer\/dist\/web\/viewer.html?file=https%3A%2F%2Feghonguzmanb.cl%2Fsite%2Fwp-content%2Fuploads%2F2021%2F08%2Fbolivia-disertante-streptococo.pdf\" style=\"width:1200px;height:900px\"><\/iframe><\/div>\n","protected":false},"excerpt":{"rendered":"","protected":false},"author":1,"featured_media":0,"parent":0,"menu_order":0,"comment_status":"closed","ping_status":"closed","template":"","meta":{"footnotes":""},"class_list":["post-5411","page","type-page","status-publish","hentry"],"_links":{"self":[{"href":"https:\/\/eghonguzmanb.cl\/site\/wp-json\/wp\/v2\/pages\/5411","targetHints":{"allow":["GET"]}}],"collection":[{"href":"https:\/\/eghonguzmanb.cl\/site\/wp-json\/wp\/v2\/pages"}],"about":[{"href":"https:\/\/eghonguzmanb.cl\/site\/wp-json\/wp\/v2\/types\/page"}],"author":[{"embeddable":true,"href":"https:\/\/eghonguzmanb.cl\/site\/wp-json\/wp\/v2\/users\/1"}],"replies":[{"embeddable":true,"href":"https:\/\/eghonguzmanb.cl\/site\/wp-json\/wp\/v2\/comments?post=5411"}],"version-history":[{"count":1,"href":"https:\/\/eghonguzmanb.cl\/site\/wp-json\/wp\/v2\/pages\/5411\/revisions"}],"predecessor-version":[{"id":5413,"href":"https:\/\/eghonguzmanb.cl\/site\/wp-json\/wp\/v2\/pages\/5411\/revisions\/5413"}],"wp:attachment":[{"href":"https:\/\/eghonguzmanb.cl\/site\/wp-json\/wp\/v2\/media?parent=5411"}],"curies":[{"name":"wp","href":"https:\/\/api.w.org\/{rel}","templated":true}]}}