{"id":5337,"date":"2021-08-28T19:25:00","date_gmt":"2021-08-28T19:25:00","guid":{"rendered":"https:\/\/eghonguzmanb.cl\/site\/?page_id=5337"},"modified":"2021-08-28T19:25:00","modified_gmt":"2021-08-28T19:25:00","slug":"34a-jornada-de-ginecologia-y-obstetricia-y-ii-simposio-internacional-de-ginecologia-y-obstetricia-de-goias-y-i-encuentro-de-fisioterapia-en-ginecologia-y-obstetricia-21-de-junio-2008-brasil-congre-3","status":"publish","type":"page","link":"https:\/\/eghonguzmanb.cl\/site\/34a-jornada-de-ginecologia-y-obstetricia-y-ii-simposio-internacional-de-ginecologia-y-obstetricia-de-goias-y-i-encuentro-de-fisioterapia-en-ginecologia-y-obstetricia-21-de-junio-2008-brasil-congre-3\/","title":{"rendered":"34\u00aa Jornada de Ginecolog\u00eda y Obstetricia y II Simposio Internacional de Ginecolog\u00eda y Obstetricia de GOI\u00c1S y I Encuentro de Fisioterapia en Ginecolog\u00eda y Obstetricia, 21 de junio, 2008. Brasil. Congresista Jornada Goiana de Ginecolog\u00eca e Obstetricia Conferencista \u201cDiagn\u00f3stico ecogr\u00e1fico, pesquiza de marcadores Fetales de Malformaciones del primer Trimeste\u201d"},"content":{"rendered":"\n<div class=\"wp-block-algori-pdf-viewer-block-algori-pdf-viewer\"><iframe class=\"wp-block-algori-pdf-viewer-block-algori-pdf-viewer-iframe\" src=\"https:\/\/eghonguzmanb.cl\/site\/wp-content\/plugins\/algori-pdf-viewer\/dist\/web\/viewer.html?file=https%3A%2F%2Feghonguzmanb.cl%2Fsite%2Fwp-content%2Fuploads%2F2021%2F08%2F34-Jornada-Palestrante-Diagnostico-Ecografico.pdf\" style=\"width:1200px;height:900px\"><\/iframe><\/div>\n","protected":false},"excerpt":{"rendered":"","protected":false},"author":1,"featured_media":0,"parent":0,"menu_order":0,"comment_status":"closed","ping_status":"closed","template":"","meta":{"footnotes":""},"class_list":["post-5337","page","type-page","status-publish","hentry"],"_links":{"self":[{"href":"https:\/\/eghonguzmanb.cl\/site\/wp-json\/wp\/v2\/pages\/5337","targetHints":{"allow":["GET"]}}],"collection":[{"href":"https:\/\/eghonguzmanb.cl\/site\/wp-json\/wp\/v2\/pages"}],"about":[{"href":"https:\/\/eghonguzmanb.cl\/site\/wp-json\/wp\/v2\/types\/page"}],"author":[{"embeddable":true,"href":"https:\/\/eghonguzmanb.cl\/site\/wp-json\/wp\/v2\/users\/1"}],"replies":[{"embeddable":true,"href":"https:\/\/eghonguzmanb.cl\/site\/wp-json\/wp\/v2\/comments?post=5337"}],"version-history":[{"count":1,"href":"https:\/\/eghonguzmanb.cl\/site\/wp-json\/wp\/v2\/pages\/5337\/revisions"}],"predecessor-version":[{"id":5339,"href":"https:\/\/eghonguzmanb.cl\/site\/wp-json\/wp\/v2\/pages\/5337\/revisions\/5339"}],"wp:attachment":[{"href":"https:\/\/eghonguzmanb.cl\/site\/wp-json\/wp\/v2\/media?parent=5337"}],"curies":[{"name":"wp","href":"https:\/\/api.w.org\/{rel}","templated":true}]}}