{"id":5272,"date":"2021-08-28T16:37:04","date_gmt":"2021-08-28T16:37:04","guid":{"rendered":"https:\/\/eghonguzmanb.cl\/site\/?page_id=5272"},"modified":"2021-08-28T16:37:04","modified_gmt":"2021-08-28T16:37:04","slug":"presidente-del-xii-latinoamericano-de-ultrasonografia-en-medicina-y-biologia-expositor-histerosonografia-3d-coordinador-modulo-obstetrico-presidente-modulo-obstetricia-ginecologia-presidente-del-m","status":"publish","type":"page","link":"https:\/\/eghonguzmanb.cl\/site\/presidente-del-xii-latinoamericano-de-ultrasonografia-en-medicina-y-biologia-expositor-histerosonografia-3d-coordinador-modulo-obstetrico-presidente-modulo-obstetricia-ginecologia-presidente-del-m\/","title":{"rendered":"Presidente del XII Latinoamericano de Ultrasonograf\u00eda en medicina y Biolog\u00eda, Expositor Histerosonograf\u00eda 3D, Coordinador M\u00f3dulo Obst\u00e9trico, Presidente M\u00f3dulo Obstetricia Ginecolog\u00eda, Presidente del m\u00f3dulo de Neurosonolog\u00eda. 2005."},"content":{"rendered":"\n<div class=\"wp-block-algori-pdf-viewer-block-algori-pdf-viewer\"><iframe class=\"wp-block-algori-pdf-viewer-block-algori-pdf-viewer-iframe\" src=\"https:\/\/eghonguzmanb.cl\/site\/wp-content\/plugins\/algori-pdf-viewer\/dist\/web\/viewer.html?file=https%3A%2F%2Feghonguzmanb.cl%2Fsite%2Fwp-content%2Fuploads%2F2021%2F08%2FPRESIDENTE_XII_JORNADAS_CHILENO-MEXICANAS.pdf\" style=\"width:1200px;height:900px\"><\/iframe><\/div>\n","protected":false},"excerpt":{"rendered":"","protected":false},"author":1,"featured_media":0,"parent":0,"menu_order":0,"comment_status":"closed","ping_status":"closed","template":"","meta":{"footnotes":""},"class_list":["post-5272","page","type-page","status-publish","hentry"],"_links":{"self":[{"href":"https:\/\/eghonguzmanb.cl\/site\/wp-json\/wp\/v2\/pages\/5272","targetHints":{"allow":["GET"]}}],"collection":[{"href":"https:\/\/eghonguzmanb.cl\/site\/wp-json\/wp\/v2\/pages"}],"about":[{"href":"https:\/\/eghonguzmanb.cl\/site\/wp-json\/wp\/v2\/types\/page"}],"author":[{"embeddable":true,"href":"https:\/\/eghonguzmanb.cl\/site\/wp-json\/wp\/v2\/users\/1"}],"replies":[{"embeddable":true,"href":"https:\/\/eghonguzmanb.cl\/site\/wp-json\/wp\/v2\/comments?post=5272"}],"version-history":[{"count":1,"href":"https:\/\/eghonguzmanb.cl\/site\/wp-json\/wp\/v2\/pages\/5272\/revisions"}],"predecessor-version":[{"id":5274,"href":"https:\/\/eghonguzmanb.cl\/site\/wp-json\/wp\/v2\/pages\/5272\/revisions\/5274"}],"wp:attachment":[{"href":"https:\/\/eghonguzmanb.cl\/site\/wp-json\/wp\/v2\/media?parent=5272"}],"curies":[{"name":"wp","href":"https:\/\/api.w.org\/{rel}","templated":true}]}}