{"id":5022,"date":"2021-08-20T02:19:44","date_gmt":"2021-08-20T02:19:44","guid":{"rendered":"https:\/\/eghonguzmanb.cl\/site\/?page_id=5022"},"modified":"2021-08-20T02:19:44","modified_gmt":"2021-08-20T02:19:44","slug":"director-curso-pre-jornadas-de-ultrasonografia-en-medicina-y-biologia-27-de-mayo-de-1999-casino-vina-del-mar-sochumb","status":"publish","type":"page","link":"https:\/\/eghonguzmanb.cl\/site\/director-curso-pre-jornadas-de-ultrasonografia-en-medicina-y-biologia-27-de-mayo-de-1999-casino-vina-del-mar-sochumb\/","title":{"rendered":"Director Curso pre Jornadas de Ultrasonograf\u00eda en Medicina y biolog\u00eda, 27 de Mayo de 1999, Casino Vi\u00f1a del mar, SOCHUMB."},"content":{"rendered":"\n<div class=\"wp-block-algori-pdf-viewer-block-algori-pdf-viewer\"><iframe class=\"wp-block-algori-pdf-viewer-block-algori-pdf-viewer-iframe\" src=\"https:\/\/eghonguzmanb.cl\/site\/wp-content\/plugins\/algori-pdf-viewer\/dist\/web\/viewer.html?file=https%3A%2F%2Feghonguzmanb.cl%2Fsite%2Fwp-content%2Fuploads%2F2021%2F08%2FDirector-Curso-pre-Jornadas-de-Ultrasonografia-Sochumb-1999.pdf\" style=\"width:1200px;height:900px\"><\/iframe><\/div>\n","protected":false},"excerpt":{"rendered":"","protected":false},"author":1,"featured_media":0,"parent":0,"menu_order":0,"comment_status":"closed","ping_status":"closed","template":"","meta":{"footnotes":""},"class_list":["post-5022","page","type-page","status-publish","hentry"],"_links":{"self":[{"href":"https:\/\/eghonguzmanb.cl\/site\/wp-json\/wp\/v2\/pages\/5022","targetHints":{"allow":["GET"]}}],"collection":[{"href":"https:\/\/eghonguzmanb.cl\/site\/wp-json\/wp\/v2\/pages"}],"about":[{"href":"https:\/\/eghonguzmanb.cl\/site\/wp-json\/wp\/v2\/types\/page"}],"author":[{"embeddable":true,"href":"https:\/\/eghonguzmanb.cl\/site\/wp-json\/wp\/v2\/users\/1"}],"replies":[{"embeddable":true,"href":"https:\/\/eghonguzmanb.cl\/site\/wp-json\/wp\/v2\/comments?post=5022"}],"version-history":[{"count":1,"href":"https:\/\/eghonguzmanb.cl\/site\/wp-json\/wp\/v2\/pages\/5022\/revisions"}],"predecessor-version":[{"id":5024,"href":"https:\/\/eghonguzmanb.cl\/site\/wp-json\/wp\/v2\/pages\/5022\/revisions\/5024"}],"wp:attachment":[{"href":"https:\/\/eghonguzmanb.cl\/site\/wp-json\/wp\/v2\/media?parent=5022"}],"curies":[{"name":"wp","href":"https:\/\/api.w.org\/{rel}","templated":true}]}}