{"id":4981,"date":"2021-08-20T01:23:07","date_gmt":"2021-08-20T01:23:07","guid":{"rendered":"https:\/\/eghonguzmanb.cl\/site\/?page_id=4981"},"modified":"2021-08-20T01:23:07","modified_gmt":"2021-08-20T01:23:07","slug":"expositor-tema-ultrasonido-en-el-embarazo-de-alto-riesgo-club-de-la-union-vina-del-mar-sociedad-obstetricia-y-ginecologia-valparaiso-aconcagua-28-de-octubre-1997","status":"publish","type":"page","link":"https:\/\/eghonguzmanb.cl\/site\/expositor-tema-ultrasonido-en-el-embarazo-de-alto-riesgo-club-de-la-union-vina-del-mar-sociedad-obstetricia-y-ginecologia-valparaiso-aconcagua-28-de-octubre-1997\/","title":{"rendered":"Expositor tema\u201d Ultrasonido en el embarazo de alto riesgo\u201d, Club de la uni\u00f3n , Vi\u00f1a del Mar, Sociedad Obstetricia y Ginecolog\u00eda Valparaiso-Aconcagua.28 de octubre, 1997"},"content":{"rendered":"\n<div class=\"wp-block-algori-pdf-viewer-block-algori-pdf-viewer\"><iframe class=\"wp-block-algori-pdf-viewer-block-algori-pdf-viewer-iframe\" src=\"https:\/\/eghonguzmanb.cl\/site\/wp-content\/plugins\/algori-pdf-viewer\/dist\/web\/viewer.html?file=https%3A%2F%2Feghonguzmanb.cl%2Fsite%2Fwp-content%2Fuploads%2F2021%2F08%2FExpositor-Ultrasonido-en-el-Embarazo-de-alto-riesgo.pdf\" style=\"width:900px;height:1200px\"><\/iframe><\/div>\n","protected":false},"excerpt":{"rendered":"","protected":false},"author":1,"featured_media":0,"parent":0,"menu_order":0,"comment_status":"closed","ping_status":"closed","template":"","meta":{"footnotes":""},"class_list":["post-4981","page","type-page","status-publish","hentry"],"_links":{"self":[{"href":"https:\/\/eghonguzmanb.cl\/site\/wp-json\/wp\/v2\/pages\/4981","targetHints":{"allow":["GET"]}}],"collection":[{"href":"https:\/\/eghonguzmanb.cl\/site\/wp-json\/wp\/v2\/pages"}],"about":[{"href":"https:\/\/eghonguzmanb.cl\/site\/wp-json\/wp\/v2\/types\/page"}],"author":[{"embeddable":true,"href":"https:\/\/eghonguzmanb.cl\/site\/wp-json\/wp\/v2\/users\/1"}],"replies":[{"embeddable":true,"href":"https:\/\/eghonguzmanb.cl\/site\/wp-json\/wp\/v2\/comments?post=4981"}],"version-history":[{"count":1,"href":"https:\/\/eghonguzmanb.cl\/site\/wp-json\/wp\/v2\/pages\/4981\/revisions"}],"predecessor-version":[{"id":4983,"href":"https:\/\/eghonguzmanb.cl\/site\/wp-json\/wp\/v2\/pages\/4981\/revisions\/4983"}],"wp:attachment":[{"href":"https:\/\/eghonguzmanb.cl\/site\/wp-json\/wp\/v2\/media?parent=4981"}],"curies":[{"name":"wp","href":"https:\/\/api.w.org\/{rel}","templated":true}]}}