{"id":4875,"date":"2021-08-17T03:09:29","date_gmt":"2021-08-17T03:09:29","guid":{"rendered":"https:\/\/eghonguzmanb.cl\/site\/?page_id=4875"},"modified":"2021-08-17T03:09:29","modified_gmt":"2021-08-17T03:09:29","slug":"presidente-de-la-sesion-de-contribuciones-con-los-temas-ultrasonografia-en-obstetricia-y-perinatologia-y-temas-libres-obstetricos-xxiii-congreso-chileno-de-obstetricia-y-ginecologia-iv-encuentro-la","status":"publish","type":"page","link":"https:\/\/eghonguzmanb.cl\/site\/presidente-de-la-sesion-de-contribuciones-con-los-temas-ultrasonografia-en-obstetricia-y-perinatologia-y-temas-libres-obstetricos-xxiii-congreso-chileno-de-obstetricia-y-ginecologia-iv-encuentro-la\/","title":{"rendered":"Presidente de la Sesi\u00f3n de Contribuciones con los temas: Ultrasonograf\u00eda en Obstetricia y Perinatolog\u00eda y Temas Libres Obst\u00e9tricos, XXIII Congreso Chileno de Obstetricia y Ginecolog\u00eda, IV Encuentro Latinoamericano de Sociedades de Obstetricia y Ginecolog\u00eda del Cono Sur FLASOG, I Encuentro del Comit\u00e9 Latinoamericano de Malformaciones Fetales (COMAFE), del 26 al 30 de Noviembre de 1989"},"content":{"rendered":"\n<div class=\"wp-block-algori-pdf-viewer-block-algori-pdf-viewer\"><iframe class=\"wp-block-algori-pdf-viewer-block-algori-pdf-viewer-iframe\" src=\"https:\/\/eghonguzmanb.cl\/site\/wp-content\/plugins\/algori-pdf-viewer\/dist\/web\/viewer.html?file=https%3A%2F%2Feghonguzmanb.cl%2Fsite%2Fwp-content%2Fuploads%2F2021%2F08%2FPresidente-de-la-Sesion.pdf\" style=\"width:1200px;height:900px\"><\/iframe><\/div>\n","protected":false},"excerpt":{"rendered":"","protected":false},"author":1,"featured_media":0,"parent":0,"menu_order":0,"comment_status":"closed","ping_status":"closed","template":"","meta":{"footnotes":""},"class_list":["post-4875","page","type-page","status-publish","hentry"],"_links":{"self":[{"href":"https:\/\/eghonguzmanb.cl\/site\/wp-json\/wp\/v2\/pages\/4875","targetHints":{"allow":["GET"]}}],"collection":[{"href":"https:\/\/eghonguzmanb.cl\/site\/wp-json\/wp\/v2\/pages"}],"about":[{"href":"https:\/\/eghonguzmanb.cl\/site\/wp-json\/wp\/v2\/types\/page"}],"author":[{"embeddable":true,"href":"https:\/\/eghonguzmanb.cl\/site\/wp-json\/wp\/v2\/users\/1"}],"replies":[{"embeddable":true,"href":"https:\/\/eghonguzmanb.cl\/site\/wp-json\/wp\/v2\/comments?post=4875"}],"version-history":[{"count":1,"href":"https:\/\/eghonguzmanb.cl\/site\/wp-json\/wp\/v2\/pages\/4875\/revisions"}],"predecessor-version":[{"id":4877,"href":"https:\/\/eghonguzmanb.cl\/site\/wp-json\/wp\/v2\/pages\/4875\/revisions\/4877"}],"wp:attachment":[{"href":"https:\/\/eghonguzmanb.cl\/site\/wp-json\/wp\/v2\/media?parent=4875"}],"curies":[{"name":"wp","href":"https:\/\/api.w.org\/{rel}","templated":true}]}}