{"id":4869,"date":"2021-08-17T03:07:46","date_gmt":"2021-08-17T03:07:46","guid":{"rendered":"https:\/\/eghonguzmanb.cl\/site\/?page_id=4869"},"modified":"2021-08-17T03:07:46","modified_gmt":"2021-08-17T03:07:46","slug":"miembro-titular-del-xxiii-congreso-chileno-de-obstetricia-y-ginecologia-iv-encuentro-latinoamericano-de-sociedades-de-obstetricia-y-ginecologia-del-cono-sur-flasog-argentina-brasil-chileparagua","status":"publish","type":"page","link":"https:\/\/eghonguzmanb.cl\/site\/miembro-titular-del-xxiii-congreso-chileno-de-obstetricia-y-ginecologia-iv-encuentro-latinoamericano-de-sociedades-de-obstetricia-y-ginecologia-del-cono-sur-flasog-argentina-brasil-chileparagua\/","title":{"rendered":"Miembro titular del XXIII Congreso chileno de Obstetricia y Ginecolog\u00eda, IV Encuentro Latinoamericano de Sociedades de obstetricia y ginecolog\u00eda del Cono Sur (FLASOG), Argentina, Brasil, Chile,Paraguay, Uruguay, I Encuentro del C\u00f3mite latinoamericano de malformaciones Fetales (Comafe), del 26 al 30 de noviembre 1989."},"content":{"rendered":"\n<div class=\"wp-block-algori-pdf-viewer-block-algori-pdf-viewer\"><iframe class=\"wp-block-algori-pdf-viewer-block-algori-pdf-viewer-iframe\" src=\"https:\/\/eghonguzmanb.cl\/site\/wp-content\/plugins\/algori-pdf-viewer\/dist\/web\/viewer.html?file=https%3A%2F%2Feghonguzmanb.cl%2Fsite%2Fwp-content%2Fuploads%2F2021%2F08%2FMiembro-Titular-XXIII-CONGRESO-FLASOG-COMAFE.pdf\" style=\"width:1200px;height:900px\"><\/iframe><\/div>\n","protected":false},"excerpt":{"rendered":"","protected":false},"author":1,"featured_media":0,"parent":0,"menu_order":0,"comment_status":"closed","ping_status":"closed","template":"","meta":{"footnotes":""},"class_list":["post-4869","page","type-page","status-publish","hentry"],"_links":{"self":[{"href":"https:\/\/eghonguzmanb.cl\/site\/wp-json\/wp\/v2\/pages\/4869","targetHints":{"allow":["GET"]}}],"collection":[{"href":"https:\/\/eghonguzmanb.cl\/site\/wp-json\/wp\/v2\/pages"}],"about":[{"href":"https:\/\/eghonguzmanb.cl\/site\/wp-json\/wp\/v2\/types\/page"}],"author":[{"embeddable":true,"href":"https:\/\/eghonguzmanb.cl\/site\/wp-json\/wp\/v2\/users\/1"}],"replies":[{"embeddable":true,"href":"https:\/\/eghonguzmanb.cl\/site\/wp-json\/wp\/v2\/comments?post=4869"}],"version-history":[{"count":1,"href":"https:\/\/eghonguzmanb.cl\/site\/wp-json\/wp\/v2\/pages\/4869\/revisions"}],"predecessor-version":[{"id":4871,"href":"https:\/\/eghonguzmanb.cl\/site\/wp-json\/wp\/v2\/pages\/4869\/revisions\/4871"}],"wp:attachment":[{"href":"https:\/\/eghonguzmanb.cl\/site\/wp-json\/wp\/v2\/media?parent=4869"}],"curies":[{"name":"wp","href":"https:\/\/api.w.org\/{rel}","templated":true}]}}