{"id":4841,"date":"2021-08-17T02:49:48","date_gmt":"2021-08-17T02:49:48","guid":{"rendered":"https:\/\/eghonguzmanb.cl\/site\/?page_id=4841"},"modified":"2021-08-17T02:49:48","modified_gmt":"2021-08-17T02:49:48","slug":"primer-curso-teorico-practico-de-cirugia-ginecologica-cirugia-vaginal-del-4-al-6-de-febrero-de-1987-universidad-de-barcelona-unitat-docent-de-bellvitge-espana","status":"publish","type":"page","link":"https:\/\/eghonguzmanb.cl\/site\/primer-curso-teorico-practico-de-cirugia-ginecologica-cirugia-vaginal-del-4-al-6-de-febrero-de-1987-universidad-de-barcelona-unitat-docent-de-bellvitge-espana\/","title":{"rendered":"Primer Curso Te\u00f3rico pr\u00e1ctico de Cirug\u00eda Ginecol\u00f3gica, Cirug\u00eda vaginal, del 4 al 6 de Febrero de 1987. Universidad de Barcelona. Unitat Docent de Bellvitge. Espa\u00f1a."},"content":{"rendered":"\n<div class=\"wp-block-algori-pdf-viewer-block-algori-pdf-viewer\"><iframe class=\"wp-block-algori-pdf-viewer-block-algori-pdf-viewer-iframe\" src=\"https:\/\/eghonguzmanb.cl\/site\/wp-content\/plugins\/algori-pdf-viewer\/dist\/web\/viewer.html?file=https%3A%2F%2Feghonguzmanb.cl%2Fsite%2Fwp-content%2Fuploads%2F2021%2F08%2FAsistencia-Curso-Practico-Cirugia-Vaginal.pdf\" style=\"width:1200px;height:900px\"><\/iframe><\/div>\n","protected":false},"excerpt":{"rendered":"","protected":false},"author":1,"featured_media":0,"parent":0,"menu_order":0,"comment_status":"closed","ping_status":"closed","template":"","meta":{"footnotes":""},"class_list":["post-4841","page","type-page","status-publish","hentry"],"_links":{"self":[{"href":"https:\/\/eghonguzmanb.cl\/site\/wp-json\/wp\/v2\/pages\/4841","targetHints":{"allow":["GET"]}}],"collection":[{"href":"https:\/\/eghonguzmanb.cl\/site\/wp-json\/wp\/v2\/pages"}],"about":[{"href":"https:\/\/eghonguzmanb.cl\/site\/wp-json\/wp\/v2\/types\/page"}],"author":[{"embeddable":true,"href":"https:\/\/eghonguzmanb.cl\/site\/wp-json\/wp\/v2\/users\/1"}],"replies":[{"embeddable":true,"href":"https:\/\/eghonguzmanb.cl\/site\/wp-json\/wp\/v2\/comments?post=4841"}],"version-history":[{"count":1,"href":"https:\/\/eghonguzmanb.cl\/site\/wp-json\/wp\/v2\/pages\/4841\/revisions"}],"predecessor-version":[{"id":4843,"href":"https:\/\/eghonguzmanb.cl\/site\/wp-json\/wp\/v2\/pages\/4841\/revisions\/4843"}],"wp:attachment":[{"href":"https:\/\/eghonguzmanb.cl\/site\/wp-json\/wp\/v2\/media?parent=4841"}],"curies":[{"name":"wp","href":"https:\/\/api.w.org\/{rel}","templated":true}]}}