{"id":4812,"date":"2021-08-15T15:18:44","date_gmt":"2021-08-15T15:18:44","guid":{"rendered":"https:\/\/eghonguzmanb.cl\/site\/?page_id=4812"},"modified":"2021-08-15T15:18:44","modified_gmt":"2021-08-15T15:18:44","slug":"participacion-programa-oficial-comision-de-graduados-universidad-catolica-de-chile-residencia-en-obstetricia-y-ginecologia","status":"publish","type":"page","link":"https:\/\/eghonguzmanb.cl\/site\/participacion-programa-oficial-comision-de-graduados-universidad-catolica-de-chile-residencia-en-obstetricia-y-ginecologia\/","title":{"rendered":"Participaci\u00f3n &#8211; Programa Oficial Comision de Graduados Universidad Cat\u00f3lica de Chile Residencia en Obstetricia y Ginecolog\u00eda"},"content":{"rendered":"\n<div class=\"wp-block-algori-pdf-viewer-block-algori-pdf-viewer\"><iframe class=\"wp-block-algori-pdf-viewer-block-algori-pdf-viewer-iframe\" src=\"https:\/\/eghonguzmanb.cl\/site\/wp-content\/plugins\/algori-pdf-viewer\/dist\/web\/viewer.html?file=https%3A%2F%2Feghonguzmanb.cl%2Fsite%2Fwp-content%2Fuploads%2F2021%2F08%2FPrograma-Oficial-Comision-de-Graduados-Universidad-Catolica-de-Chile-Residencia-en-Obstetricia-y-Ginecologia.pdf\" style=\"width:1200px;height:900px\"><\/iframe><\/div>\n","protected":false},"excerpt":{"rendered":"","protected":false},"author":1,"featured_media":0,"parent":0,"menu_order":0,"comment_status":"closed","ping_status":"closed","template":"","meta":{"footnotes":""},"class_list":["post-4812","page","type-page","status-publish","hentry"],"_links":{"self":[{"href":"https:\/\/eghonguzmanb.cl\/site\/wp-json\/wp\/v2\/pages\/4812","targetHints":{"allow":["GET"]}}],"collection":[{"href":"https:\/\/eghonguzmanb.cl\/site\/wp-json\/wp\/v2\/pages"}],"about":[{"href":"https:\/\/eghonguzmanb.cl\/site\/wp-json\/wp\/v2\/types\/page"}],"author":[{"embeddable":true,"href":"https:\/\/eghonguzmanb.cl\/site\/wp-json\/wp\/v2\/users\/1"}],"replies":[{"embeddable":true,"href":"https:\/\/eghonguzmanb.cl\/site\/wp-json\/wp\/v2\/comments?post=4812"}],"version-history":[{"count":1,"href":"https:\/\/eghonguzmanb.cl\/site\/wp-json\/wp\/v2\/pages\/4812\/revisions"}],"predecessor-version":[{"id":4814,"href":"https:\/\/eghonguzmanb.cl\/site\/wp-json\/wp\/v2\/pages\/4812\/revisions\/4814"}],"wp:attachment":[{"href":"https:\/\/eghonguzmanb.cl\/site\/wp-json\/wp\/v2\/media?parent=4812"}],"curies":[{"name":"wp","href":"https:\/\/api.w.org\/{rel}","templated":true}]}}