{"id":4611,"date":"2021-07-14T13:31:41","date_gmt":"2021-07-14T13:31:41","guid":{"rendered":"https:\/\/eghonguzmanb.cl\/site\/?page_id=4611"},"modified":"2021-07-14T13:31:41","modified_gmt":"2021-07-14T13:31:41","slug":"profesor-x-congreso-chileno-de-ultrasonografia-en-medicina-y-biologia-7-al-8-de-agosto-2014-hotel-vina-del-mar-16-horas-academicas-3-creditos","status":"publish","type":"page","link":"https:\/\/eghonguzmanb.cl\/site\/profesor-x-congreso-chileno-de-ultrasonografia-en-medicina-y-biologia-7-al-8-de-agosto-2014-hotel-vina-del-mar-16-horas-academicas-3-creditos\/","title":{"rendered":"Profesor X Congreso Chileno de Ultrasonograf\u00eda en Medicina y Biolog\u00eda. 7 al 8 de agosto 2014, Hotel Vi\u00f1a del Mar (16 horas acad\u00e9micas, 3 cr\u00e9ditos)"},"content":{"rendered":"\n<div class=\"wp-block-algori-pdf-viewer-block-algori-pdf-viewer\"><iframe class=\"wp-block-algori-pdf-viewer-block-algori-pdf-viewer-iframe\" src=\"https:\/\/eghonguzmanb.cl\/site\/wp-content\/plugins\/algori-pdf-viewer\/dist\/web\/viewer.html?file=https%3A%2F%2Feghonguzmanb.cl%2Fsite%2Fwp-content%2Fuploads%2F2021%2F07%2FBinder2-110.pdf\" style=\"width:1200px;height:900px\"><\/iframe><\/div>\n","protected":false},"excerpt":{"rendered":"","protected":false},"author":1,"featured_media":0,"parent":0,"menu_order":0,"comment_status":"closed","ping_status":"closed","template":"","meta":{"footnotes":""},"class_list":["post-4611","page","type-page","status-publish","hentry"],"_links":{"self":[{"href":"https:\/\/eghonguzmanb.cl\/site\/wp-json\/wp\/v2\/pages\/4611","targetHints":{"allow":["GET"]}}],"collection":[{"href":"https:\/\/eghonguzmanb.cl\/site\/wp-json\/wp\/v2\/pages"}],"about":[{"href":"https:\/\/eghonguzmanb.cl\/site\/wp-json\/wp\/v2\/types\/page"}],"author":[{"embeddable":true,"href":"https:\/\/eghonguzmanb.cl\/site\/wp-json\/wp\/v2\/users\/1"}],"replies":[{"embeddable":true,"href":"https:\/\/eghonguzmanb.cl\/site\/wp-json\/wp\/v2\/comments?post=4611"}],"version-history":[{"count":1,"href":"https:\/\/eghonguzmanb.cl\/site\/wp-json\/wp\/v2\/pages\/4611\/revisions"}],"predecessor-version":[{"id":4613,"href":"https:\/\/eghonguzmanb.cl\/site\/wp-json\/wp\/v2\/pages\/4611\/revisions\/4613"}],"wp:attachment":[{"href":"https:\/\/eghonguzmanb.cl\/site\/wp-json\/wp\/v2\/media?parent=4611"}],"curies":[{"name":"wp","href":"https:\/\/api.w.org\/{rel}","templated":true}]}}