{"id":4509,"date":"2021-07-14T04:17:18","date_gmt":"2021-07-14T04:17:18","guid":{"rendered":"https:\/\/eghonguzmanb.cl\/site\/?page_id=4509"},"modified":"2021-07-14T04:17:18","modified_gmt":"2021-07-14T04:17:18","slug":"disertante-hemorragia-post-parto-iii-congreso-internacional-de-la-sociedad-boliviana-de-obstetricia-y-ginecologia-filial-santa-cruz-cruceno-de-obstetricia-y-ginecologia-del-1-al-3-de-sep","status":"publish","type":"page","link":"https:\/\/eghonguzmanb.cl\/site\/disertante-hemorragia-post-parto-iii-congreso-internacional-de-la-sociedad-boliviana-de-obstetricia-y-ginecologia-filial-santa-cruz-cruceno-de-obstetricia-y-ginecologia-del-1-al-3-de-sep\/","title":{"rendered":"Disertante, \u00abHemorragia Post Parto\u201d, III Congreso Internacional de la Sociedad Boliviana de Obstetricia y Ginecolog\u00eda, Filial Santa Cruz Cruce\u00f1o de Obstetricia y Ginecolog\u00eda del 1 al 3 de septiembre del 2010"},"content":{"rendered":"\n<div class=\"wp-block-algori-pdf-viewer-block-algori-pdf-viewer\"><iframe class=\"wp-block-algori-pdf-viewer-block-algori-pdf-viewer-iframe\" src=\"https:\/\/eghonguzmanb.cl\/site\/wp-content\/plugins\/algori-pdf-viewer\/dist\/web\/viewer.html?file=https%3A%2F%2Feghonguzmanb.cl%2Fsite%2Fwp-content%2Fuploads%2F2021%2F07%2FBinder2-97.pdf\" style=\"width:1200px;height:900px\"><\/iframe><\/div>\n","protected":false},"excerpt":{"rendered":"","protected":false},"author":1,"featured_media":0,"parent":0,"menu_order":0,"comment_status":"closed","ping_status":"closed","template":"","meta":{"footnotes":""},"class_list":["post-4509","page","type-page","status-publish","hentry"],"_links":{"self":[{"href":"https:\/\/eghonguzmanb.cl\/site\/wp-json\/wp\/v2\/pages\/4509","targetHints":{"allow":["GET"]}}],"collection":[{"href":"https:\/\/eghonguzmanb.cl\/site\/wp-json\/wp\/v2\/pages"}],"about":[{"href":"https:\/\/eghonguzmanb.cl\/site\/wp-json\/wp\/v2\/types\/page"}],"author":[{"embeddable":true,"href":"https:\/\/eghonguzmanb.cl\/site\/wp-json\/wp\/v2\/users\/1"}],"replies":[{"embeddable":true,"href":"https:\/\/eghonguzmanb.cl\/site\/wp-json\/wp\/v2\/comments?post=4509"}],"version-history":[{"count":1,"href":"https:\/\/eghonguzmanb.cl\/site\/wp-json\/wp\/v2\/pages\/4509\/revisions"}],"predecessor-version":[{"id":4511,"href":"https:\/\/eghonguzmanb.cl\/site\/wp-json\/wp\/v2\/pages\/4509\/revisions\/4511"}],"wp:attachment":[{"href":"https:\/\/eghonguzmanb.cl\/site\/wp-json\/wp\/v2\/media?parent=4509"}],"curies":[{"name":"wp","href":"https:\/\/api.w.org\/{rel}","templated":true}]}}