{"id":4494,"date":"2021-07-14T04:02:55","date_gmt":"2021-07-14T04:02:55","guid":{"rendered":"https:\/\/eghonguzmanb.cl\/site\/?page_id=4494"},"modified":"2021-07-14T04:02:55","modified_gmt":"2021-07-14T04:02:55","slug":"conferencista-programacion-fetal-final-xv-congreso-nacional-vi-seminario-internacional-y-ii-encuentro-de-ultrasonografia-mexico-chile-40-horas-del-9-al-12-de-agosto-2006-ciuda","status":"publish","type":"page","link":"https:\/\/eghonguzmanb.cl\/site\/conferencista-programacion-fetal-final-xv-congreso-nacional-vi-seminario-internacional-y-ii-encuentro-de-ultrasonografia-mexico-chile-40-horas-del-9-al-12-de-agosto-2006-ciuda\/","title":{"rendered":"Conferencista\u201d Programaci\u00f3n Fetal Final\u201d, XV Congreso Nacional, VI seminario Internacional y II encuentro de Ultrasonograf\u00eda M\u00e9xico-Chile (40 Horas), del 9 al 12 de agosto, 2006, Ciudad de Guanajuato, GTO, M\u00e9xico."},"content":{"rendered":"\n<div class=\"wp-block-algori-pdf-viewer-block-algori-pdf-viewer\"><iframe class=\"wp-block-algori-pdf-viewer-block-algori-pdf-viewer-iframe\" src=\"https:\/\/eghonguzmanb.cl\/site\/wp-content\/plugins\/algori-pdf-viewer\/dist\/web\/viewer.html?file=https%3A%2F%2Feghonguzmanb.cl%2Fsite%2Fwp-content%2Fuploads%2F2021%2F07%2FBinder2-76.pdf\" style=\"width:1200px;height:900px\"><\/iframe><\/div>\n","protected":false},"excerpt":{"rendered":"","protected":false},"author":1,"featured_media":0,"parent":0,"menu_order":0,"comment_status":"closed","ping_status":"closed","template":"","meta":{"footnotes":""},"class_list":["post-4494","page","type-page","status-publish","hentry"],"_links":{"self":[{"href":"https:\/\/eghonguzmanb.cl\/site\/wp-json\/wp\/v2\/pages\/4494","targetHints":{"allow":["GET"]}}],"collection":[{"href":"https:\/\/eghonguzmanb.cl\/site\/wp-json\/wp\/v2\/pages"}],"about":[{"href":"https:\/\/eghonguzmanb.cl\/site\/wp-json\/wp\/v2\/types\/page"}],"author":[{"embeddable":true,"href":"https:\/\/eghonguzmanb.cl\/site\/wp-json\/wp\/v2\/users\/1"}],"replies":[{"embeddable":true,"href":"https:\/\/eghonguzmanb.cl\/site\/wp-json\/wp\/v2\/comments?post=4494"}],"version-history":[{"count":1,"href":"https:\/\/eghonguzmanb.cl\/site\/wp-json\/wp\/v2\/pages\/4494\/revisions"}],"predecessor-version":[{"id":4496,"href":"https:\/\/eghonguzmanb.cl\/site\/wp-json\/wp\/v2\/pages\/4494\/revisions\/4496"}],"wp:attachment":[{"href":"https:\/\/eghonguzmanb.cl\/site\/wp-json\/wp\/v2\/media?parent=4494"}],"curies":[{"name":"wp","href":"https:\/\/api.w.org\/{rel}","templated":true}]}}