{"id":4488,"date":"2021-07-14T03:57:40","date_gmt":"2021-07-14T03:57:40","guid":{"rendered":"https:\/\/eghonguzmanb.cl\/site\/?page_id=4488"},"modified":"2021-07-14T03:57:40","modified_gmt":"2021-07-14T03:57:40","slug":"miembro-titular-xxv-congreso-argentino-de-ginecologia-y-obstetricia-fasgo-2006-fasgo-y-sociedad-de-obstetricia-y-ginecologia-de-cordoba","status":"publish","type":"page","link":"https:\/\/eghonguzmanb.cl\/site\/miembro-titular-xxv-congreso-argentino-de-ginecologia-y-obstetricia-fasgo-2006-fasgo-y-sociedad-de-obstetricia-y-ginecologia-de-cordoba\/","title":{"rendered":"Miembro Titular XXV Congreso Argentino de Ginecolog\u00eda y Obstetricia FASGO 2006 FASGO y Sociedad de Obstetricia Y Ginecolog\u00eda de C\u00f3rdoba."},"content":{"rendered":"\n<div class=\"wp-block-algori-pdf-viewer-block-algori-pdf-viewer\"><iframe class=\"wp-block-algori-pdf-viewer-block-algori-pdf-viewer-iframe\" src=\"https:\/\/eghonguzmanb.cl\/site\/wp-content\/plugins\/algori-pdf-viewer\/dist\/web\/viewer.html?file=https%3A%2F%2Feghonguzmanb.cl%2Fsite%2Fwp-content%2Fuploads%2F2021%2F07%2FBinder2-50.pdf\" style=\"width:1200px;height:900px\"><\/iframe><\/div>\n","protected":false},"excerpt":{"rendered":"","protected":false},"author":1,"featured_media":0,"parent":0,"menu_order":0,"comment_status":"closed","ping_status":"closed","template":"","meta":{"footnotes":""},"class_list":["post-4488","page","type-page","status-publish","hentry"],"_links":{"self":[{"href":"https:\/\/eghonguzmanb.cl\/site\/wp-json\/wp\/v2\/pages\/4488","targetHints":{"allow":["GET"]}}],"collection":[{"href":"https:\/\/eghonguzmanb.cl\/site\/wp-json\/wp\/v2\/pages"}],"about":[{"href":"https:\/\/eghonguzmanb.cl\/site\/wp-json\/wp\/v2\/types\/page"}],"author":[{"embeddable":true,"href":"https:\/\/eghonguzmanb.cl\/site\/wp-json\/wp\/v2\/users\/1"}],"replies":[{"embeddable":true,"href":"https:\/\/eghonguzmanb.cl\/site\/wp-json\/wp\/v2\/comments?post=4488"}],"version-history":[{"count":1,"href":"https:\/\/eghonguzmanb.cl\/site\/wp-json\/wp\/v2\/pages\/4488\/revisions"}],"predecessor-version":[{"id":4490,"href":"https:\/\/eghonguzmanb.cl\/site\/wp-json\/wp\/v2\/pages\/4488\/revisions\/4490"}],"wp:attachment":[{"href":"https:\/\/eghonguzmanb.cl\/site\/wp-json\/wp\/v2\/media?parent=4488"}],"curies":[{"name":"wp","href":"https:\/\/api.w.org\/{rel}","templated":true}]}}