{"id":4463,"date":"2021-07-14T03:19:21","date_gmt":"2021-07-14T03:19:21","guid":{"rendered":"https:\/\/eghonguzmanb.cl\/site\/?page_id=4463"},"modified":"2021-07-14T03:19:21","modified_gmt":"2021-07-14T03:19:21","slug":"docente-de-las-primeras-jornadas-de-obstetricia-y-ginecologia-de-integramedica-23-y-24-de-noviembre-2012-marbella-chile-6-creditos","status":"publish","type":"page","link":"https:\/\/eghonguzmanb.cl\/site\/docente-de-las-primeras-jornadas-de-obstetricia-y-ginecologia-de-integramedica-23-y-24-de-noviembre-2012-marbella-chile-6-creditos\/","title":{"rendered":"Docente de las Primeras Jornadas de Obstetricia y Ginecolog\u00eda de Integram\u00e9dica, 23 y 24 de Noviembre, 2012, Marbella-Chile (6 cr\u00e9ditos)."},"content":{"rendered":"\n<div class=\"wp-block-algori-pdf-viewer-block-algori-pdf-viewer\"><iframe class=\"wp-block-algori-pdf-viewer-block-algori-pdf-viewer-iframe\" src=\"https:\/\/eghonguzmanb.cl\/site\/wp-content\/plugins\/algori-pdf-viewer\/dist\/web\/viewer.html?file=https%3A%2F%2Feghonguzmanb.cl%2Fsite%2Fwp-content%2Fuploads%2F2021%2F07%2FBinder2-57.pdf\" style=\"width:1200px;height:900px\"><\/iframe><\/div>\n","protected":false},"excerpt":{"rendered":"","protected":false},"author":1,"featured_media":0,"parent":0,"menu_order":0,"comment_status":"closed","ping_status":"closed","template":"","meta":{"footnotes":""},"class_list":["post-4463","page","type-page","status-publish","hentry"],"_links":{"self":[{"href":"https:\/\/eghonguzmanb.cl\/site\/wp-json\/wp\/v2\/pages\/4463","targetHints":{"allow":["GET"]}}],"collection":[{"href":"https:\/\/eghonguzmanb.cl\/site\/wp-json\/wp\/v2\/pages"}],"about":[{"href":"https:\/\/eghonguzmanb.cl\/site\/wp-json\/wp\/v2\/types\/page"}],"author":[{"embeddable":true,"href":"https:\/\/eghonguzmanb.cl\/site\/wp-json\/wp\/v2\/users\/1"}],"replies":[{"embeddable":true,"href":"https:\/\/eghonguzmanb.cl\/site\/wp-json\/wp\/v2\/comments?post=4463"}],"version-history":[{"count":1,"href":"https:\/\/eghonguzmanb.cl\/site\/wp-json\/wp\/v2\/pages\/4463\/revisions"}],"predecessor-version":[{"id":4465,"href":"https:\/\/eghonguzmanb.cl\/site\/wp-json\/wp\/v2\/pages\/4463\/revisions\/4465"}],"wp:attachment":[{"href":"https:\/\/eghonguzmanb.cl\/site\/wp-json\/wp\/v2\/media?parent=4463"}],"curies":[{"name":"wp","href":"https:\/\/api.w.org\/{rel}","templated":true}]}}