{"id":4420,"date":"2021-07-12T18:56:16","date_gmt":"2021-07-12T18:56:16","guid":{"rendered":"https:\/\/eghonguzmanb.cl\/site\/?page_id=4420"},"modified":"2021-07-12T18:56:16","modified_gmt":"2021-07-12T18:56:16","slug":"director-curso-pre-congreso-sexualidad-y-situaciones-criticas-en-la-practica-obstetrica-13-al-16-de-octubre-2004-xii-congreso-latinoamericano-y-ii-congreso-chileno-de-sexologia-y","status":"publish","type":"page","link":"https:\/\/eghonguzmanb.cl\/site\/director-curso-pre-congreso-sexualidad-y-situaciones-criticas-en-la-practica-obstetrica-13-al-16-de-octubre-2004-xii-congreso-latinoamericano-y-ii-congreso-chileno-de-sexologia-y\/","title":{"rendered":"Director Curso Pre-Congreso \u201c Sexualidad y situaciones cr\u00edticas en la pr\u00e1ctica obst\u00e9trica\u201d. 13 al 16 de octubre, 2004, XII congreso latinoamericano y II Congreso Chileno de Sexolog\u00eda y Educaci\u00f3n sexual FLASSES"},"content":{"rendered":"\n<div class=\"wp-block-algori-pdf-viewer-block-algori-pdf-viewer\"><iframe class=\"wp-block-algori-pdf-viewer-block-algori-pdf-viewer-iframe\" src=\"https:\/\/eghonguzmanb.cl\/site\/wp-content\/plugins\/algori-pdf-viewer\/dist\/web\/viewer.html?file=https%3A%2F%2Feghonguzmanb.cl%2Fsite%2Fwp-content%2Fuploads%2F2021%2F07%2FBinder2-40.pdf\" style=\"width:1200px;height:900px\"><\/iframe><\/div>\n","protected":false},"excerpt":{"rendered":"","protected":false},"author":1,"featured_media":0,"parent":0,"menu_order":0,"comment_status":"closed","ping_status":"closed","template":"","meta":{"footnotes":""},"class_list":["post-4420","page","type-page","status-publish","hentry"],"_links":{"self":[{"href":"https:\/\/eghonguzmanb.cl\/site\/wp-json\/wp\/v2\/pages\/4420","targetHints":{"allow":["GET"]}}],"collection":[{"href":"https:\/\/eghonguzmanb.cl\/site\/wp-json\/wp\/v2\/pages"}],"about":[{"href":"https:\/\/eghonguzmanb.cl\/site\/wp-json\/wp\/v2\/types\/page"}],"author":[{"embeddable":true,"href":"https:\/\/eghonguzmanb.cl\/site\/wp-json\/wp\/v2\/users\/1"}],"replies":[{"embeddable":true,"href":"https:\/\/eghonguzmanb.cl\/site\/wp-json\/wp\/v2\/comments?post=4420"}],"version-history":[{"count":1,"href":"https:\/\/eghonguzmanb.cl\/site\/wp-json\/wp\/v2\/pages\/4420\/revisions"}],"predecessor-version":[{"id":4422,"href":"https:\/\/eghonguzmanb.cl\/site\/wp-json\/wp\/v2\/pages\/4420\/revisions\/4422"}],"wp:attachment":[{"href":"https:\/\/eghonguzmanb.cl\/site\/wp-json\/wp\/v2\/media?parent=4420"}],"curies":[{"name":"wp","href":"https:\/\/api.w.org\/{rel}","templated":true}]}}