{"id":4374,"date":"2021-07-12T18:08:26","date_gmt":"2021-07-12T18:08:26","guid":{"rendered":"https:\/\/eghonguzmanb.cl\/site\/?page_id=4374"},"modified":"2021-07-12T18:08:26","modified_gmt":"2021-07-12T18:08:26","slug":"asistente-curso-teorico-avanzado-de-ultrasonido-en-obstetricia-y-ginecologia-pontificia-universidad-catolica-de-chile-del-20-al-22-de-julio-1992-14-horas","status":"publish","type":"page","link":"https:\/\/eghonguzmanb.cl\/site\/asistente-curso-teorico-avanzado-de-ultrasonido-en-obstetricia-y-ginecologia-pontificia-universidad-catolica-de-chile-del-20-al-22-de-julio-1992-14-horas\/","title":{"rendered":"Asistente Curso Te\u00f3rico Avanzado de Ultrasonido en Obstetricia y Ginecolog\u00eda, Pontificia Universidad Cat\u00f3lica de Chile del 20 al 22 de julio, 1992, (14 horas)."},"content":{"rendered":"\n<div class=\"wp-block-algori-pdf-viewer-block-algori-pdf-viewer\"><iframe class=\"wp-block-algori-pdf-viewer-block-algori-pdf-viewer-iframe\" src=\"https:\/\/eghonguzmanb.cl\/site\/wp-content\/plugins\/algori-pdf-viewer\/dist\/web\/viewer.html?file=https%3A%2F%2Feghonguzmanb.cl%2Fsite%2Fwp-content%2Fuploads%2F2021%2F07%2FBinder2-81.pdf\" style=\"width:1200px;height:900px\"><\/iframe><\/div>\n","protected":false},"excerpt":{"rendered":"","protected":false},"author":1,"featured_media":0,"parent":0,"menu_order":0,"comment_status":"closed","ping_status":"closed","template":"","meta":{"footnotes":""},"class_list":["post-4374","page","type-page","status-publish","hentry"],"_links":{"self":[{"href":"https:\/\/eghonguzmanb.cl\/site\/wp-json\/wp\/v2\/pages\/4374","targetHints":{"allow":["GET"]}}],"collection":[{"href":"https:\/\/eghonguzmanb.cl\/site\/wp-json\/wp\/v2\/pages"}],"about":[{"href":"https:\/\/eghonguzmanb.cl\/site\/wp-json\/wp\/v2\/types\/page"}],"author":[{"embeddable":true,"href":"https:\/\/eghonguzmanb.cl\/site\/wp-json\/wp\/v2\/users\/1"}],"replies":[{"embeddable":true,"href":"https:\/\/eghonguzmanb.cl\/site\/wp-json\/wp\/v2\/comments?post=4374"}],"version-history":[{"count":1,"href":"https:\/\/eghonguzmanb.cl\/site\/wp-json\/wp\/v2\/pages\/4374\/revisions"}],"predecessor-version":[{"id":4376,"href":"https:\/\/eghonguzmanb.cl\/site\/wp-json\/wp\/v2\/pages\/4374\/revisions\/4376"}],"wp:attachment":[{"href":"https:\/\/eghonguzmanb.cl\/site\/wp-json\/wp\/v2\/media?parent=4374"}],"curies":[{"name":"wp","href":"https:\/\/api.w.org\/{rel}","templated":true}]}}