{"id":4353,"date":"2021-07-12T17:34:52","date_gmt":"2021-07-12T17:34:52","guid":{"rendered":"https:\/\/eghonguzmanb.cl\/site\/?page_id=4353"},"modified":"2021-07-12T17:34:52","modified_gmt":"2021-07-12T17:34:52","slug":"curso-de-citopatologia-ginecologica-basica-citopatologia-mamaria-del-26-de-febrero-al-9-de-abril-de-1987-universidad-autonoma-de-barcelona-facultad-de-medicina-instituto-dexeus-departamento-de-o","status":"publish","type":"page","link":"https:\/\/eghonguzmanb.cl\/site\/curso-de-citopatologia-ginecologica-basica-citopatologia-mamaria-del-26-de-febrero-al-9-de-abril-de-1987-universidad-autonoma-de-barcelona-facultad-de-medicina-instituto-dexeus-departamento-de-o\/","title":{"rendered":"Curso de Citopatolog\u00eda Ginecol\u00f3gica B\u00e1sica (Citopatolog\u00eda mamaria) del 26 de Febrero al 9 de abril de 1987. Universidad Aut\u00f3noma de Barcelona. Facultad de Medicina. Instituto Dexeus. Departamento de Obstetricia y Ginecolog\u00eda. Espa\u00f1a."},"content":{"rendered":"\n<div class=\"wp-block-algori-pdf-viewer-block-algori-pdf-viewer\"><iframe class=\"wp-block-algori-pdf-viewer-block-algori-pdf-viewer-iframe\" src=\"https:\/\/eghonguzmanb.cl\/site\/wp-content\/plugins\/algori-pdf-viewer\/dist\/web\/viewer.html?file=https%3A%2F%2Feghonguzmanb.cl%2Fsite%2Fwp-content%2Fuploads%2F2021%2F07%2FBinder2-52.pdf\" style=\"width:1200px;height:900px\"><\/iframe><\/div>\n","protected":false},"excerpt":{"rendered":"","protected":false},"author":1,"featured_media":0,"parent":0,"menu_order":0,"comment_status":"closed","ping_status":"closed","template":"","meta":{"footnotes":""},"class_list":["post-4353","page","type-page","status-publish","hentry"],"_links":{"self":[{"href":"https:\/\/eghonguzmanb.cl\/site\/wp-json\/wp\/v2\/pages\/4353","targetHints":{"allow":["GET"]}}],"collection":[{"href":"https:\/\/eghonguzmanb.cl\/site\/wp-json\/wp\/v2\/pages"}],"about":[{"href":"https:\/\/eghonguzmanb.cl\/site\/wp-json\/wp\/v2\/types\/page"}],"author":[{"embeddable":true,"href":"https:\/\/eghonguzmanb.cl\/site\/wp-json\/wp\/v2\/users\/1"}],"replies":[{"embeddable":true,"href":"https:\/\/eghonguzmanb.cl\/site\/wp-json\/wp\/v2\/comments?post=4353"}],"version-history":[{"count":1,"href":"https:\/\/eghonguzmanb.cl\/site\/wp-json\/wp\/v2\/pages\/4353\/revisions"}],"predecessor-version":[{"id":4355,"href":"https:\/\/eghonguzmanb.cl\/site\/wp-json\/wp\/v2\/pages\/4353\/revisions\/4355"}],"wp:attachment":[{"href":"https:\/\/eghonguzmanb.cl\/site\/wp-json\/wp\/v2\/media?parent=4353"}],"curies":[{"name":"wp","href":"https:\/\/api.w.org\/{rel}","templated":true}]}}