{"id":4350,"date":"2021-07-12T16:42:53","date_gmt":"2021-07-12T16:42:53","guid":{"rendered":"https:\/\/eghonguzmanb.cl\/site\/?page_id=4350"},"modified":"2021-07-12T16:42:53","modified_gmt":"2021-07-12T16:42:53","slug":"participante-mesa-redonda-doppler-en-perinatologia-23-de-noviembre-1990-curso-de-posgrado-obstetricia-ginecologia-y-perinatologia-departamento-y-servicio-de-obstetricia-y-ginec","status":"publish","type":"page","link":"https:\/\/eghonguzmanb.cl\/site\/participante-mesa-redonda-doppler-en-perinatologia-23-de-noviembre-1990-curso-de-posgrado-obstetricia-ginecologia-y-perinatologia-departamento-y-servicio-de-obstetricia-y-ginec\/","title":{"rendered":"Participante Mesa Redonda \u201cDoppler en Perinatolog\u00eda\u201d, 23 de Noviembre, 1990, Curso de Posgrado, Obstetricia, Ginecolog\u00eda y Perinatolog\u00eda, Departamento y Servicio de Obstetricia y Ginecolog\u00eda, Facultad de Medicina, Universidad de Chile, Hospital Cl\u00ednico San Borja-Arriaran, del 21 al 23 de noviembre 1990"},"content":{"rendered":"\n<div class=\"wp-block-algori-pdf-viewer-block-algori-pdf-viewer\"><iframe class=\"wp-block-algori-pdf-viewer-block-algori-pdf-viewer-iframe\" src=\"https:\/\/eghonguzmanb.cl\/site\/wp-content\/plugins\/algori-pdf-viewer\/dist\/web\/viewer.html?file=https%3A%2F%2Feghonguzmanb.cl%2Fsite%2Fwp-content%2Fuploads%2F2021%2F07%2FBinder2-34.pdf\" style=\"width:1200px;height:900px\"><\/iframe><\/div>\n","protected":false},"excerpt":{"rendered":"","protected":false},"author":1,"featured_media":0,"parent":0,"menu_order":0,"comment_status":"closed","ping_status":"closed","template":"","meta":{"footnotes":""},"class_list":["post-4350","page","type-page","status-publish","hentry"],"_links":{"self":[{"href":"https:\/\/eghonguzmanb.cl\/site\/wp-json\/wp\/v2\/pages\/4350","targetHints":{"allow":["GET"]}}],"collection":[{"href":"https:\/\/eghonguzmanb.cl\/site\/wp-json\/wp\/v2\/pages"}],"about":[{"href":"https:\/\/eghonguzmanb.cl\/site\/wp-json\/wp\/v2\/types\/page"}],"author":[{"embeddable":true,"href":"https:\/\/eghonguzmanb.cl\/site\/wp-json\/wp\/v2\/users\/1"}],"replies":[{"embeddable":true,"href":"https:\/\/eghonguzmanb.cl\/site\/wp-json\/wp\/v2\/comments?post=4350"}],"version-history":[{"count":1,"href":"https:\/\/eghonguzmanb.cl\/site\/wp-json\/wp\/v2\/pages\/4350\/revisions"}],"predecessor-version":[{"id":4352,"href":"https:\/\/eghonguzmanb.cl\/site\/wp-json\/wp\/v2\/pages\/4350\/revisions\/4352"}],"wp:attachment":[{"href":"https:\/\/eghonguzmanb.cl\/site\/wp-json\/wp\/v2\/media?parent=4350"}],"curies":[{"name":"wp","href":"https:\/\/api.w.org\/{rel}","templated":true}]}}