{"id":4347,"date":"2021-07-12T16:41:13","date_gmt":"2021-07-12T16:41:13","guid":{"rendered":"https:\/\/eghonguzmanb.cl\/site\/?page_id=4347"},"modified":"2021-07-12T16:41:13","modified_gmt":"2021-07-12T16:41:13","slug":"docente-curso-de-capacitacion-en-obstetricia-y-ginecologia-para-matronas-de-atencion-primaria-22-noviembre-de-1990-ssmo-40-horas","status":"publish","type":"page","link":"https:\/\/eghonguzmanb.cl\/site\/docente-curso-de-capacitacion-en-obstetricia-y-ginecologia-para-matronas-de-atencion-primaria-22-noviembre-de-1990-ssmo-40-horas\/","title":{"rendered":"Docente Curso de Capacitaci\u00f3n en Obstetricia y Ginecolog\u00eda para matronas de Atenci\u00f3n Primaria, 22 noviembre de 1990. SSMO.(40 horas)."},"content":{"rendered":"\n<div class=\"wp-block-algori-pdf-viewer-block-algori-pdf-viewer\"><iframe class=\"wp-block-algori-pdf-viewer-block-algori-pdf-viewer-iframe\" src=\"https:\/\/eghonguzmanb.cl\/site\/wp-content\/plugins\/algori-pdf-viewer\/dist\/web\/viewer.html?file=https%3A%2F%2Feghonguzmanb.cl%2Fsite%2Fwp-content%2Fuploads%2F2021%2F07%2FBinder2-33.pdf\" style=\"width:1200px;height:900px\"><\/iframe><\/div>\n","protected":false},"excerpt":{"rendered":"","protected":false},"author":1,"featured_media":0,"parent":0,"menu_order":0,"comment_status":"closed","ping_status":"closed","template":"","meta":{"footnotes":""},"class_list":["post-4347","page","type-page","status-publish","hentry"],"_links":{"self":[{"href":"https:\/\/eghonguzmanb.cl\/site\/wp-json\/wp\/v2\/pages\/4347","targetHints":{"allow":["GET"]}}],"collection":[{"href":"https:\/\/eghonguzmanb.cl\/site\/wp-json\/wp\/v2\/pages"}],"about":[{"href":"https:\/\/eghonguzmanb.cl\/site\/wp-json\/wp\/v2\/types\/page"}],"author":[{"embeddable":true,"href":"https:\/\/eghonguzmanb.cl\/site\/wp-json\/wp\/v2\/users\/1"}],"replies":[{"embeddable":true,"href":"https:\/\/eghonguzmanb.cl\/site\/wp-json\/wp\/v2\/comments?post=4347"}],"version-history":[{"count":1,"href":"https:\/\/eghonguzmanb.cl\/site\/wp-json\/wp\/v2\/pages\/4347\/revisions"}],"predecessor-version":[{"id":4349,"href":"https:\/\/eghonguzmanb.cl\/site\/wp-json\/wp\/v2\/pages\/4347\/revisions\/4349"}],"wp:attachment":[{"href":"https:\/\/eghonguzmanb.cl\/site\/wp-json\/wp\/v2\/media?parent=4347"}],"curies":[{"name":"wp","href":"https:\/\/api.w.org\/{rel}","templated":true}]}}