{"id":3993,"date":"2021-07-07T04:06:47","date_gmt":"2021-07-07T04:06:47","guid":{"rendered":"https:\/\/eghonguzmanb.cl\/site\/?page_id=3993"},"modified":"2021-09-24T23:27:37","modified_gmt":"2021-09-24T23:27:37","slug":"disertante-iii-congreso-internacional-de-la-sociedad-boliviana-de-obstetricia-y-ginecologia-filial-santa-cruz-cruceno-de-obstetricia-y-ginecologia-del-1-al-3-de-septiembre-del-2010-hotel-los-tajibo","status":"publish","type":"page","link":"https:\/\/eghonguzmanb.cl\/site\/disertante-iii-congreso-internacional-de-la-sociedad-boliviana-de-obstetricia-y-ginecologia-filial-santa-cruz-cruceno-de-obstetricia-y-ginecologia-del-1-al-3-de-septiembre-del-2010-hotel-los-tajibo\/","title":{"rendered":"Disertante \u201cParto Prematuro\u201d, III Congreso Internacional de la Sociedad Boliviana de Obstetricia y Ginecolog\u00eda, Filial Santa Cruz Cruce\u00f1o de Obstetricia y Ginecolog\u00eda del 1 al 3 de septiembre del 2010, Hotel los Tajibos, Santa Cruz, Bolivia. (carga horaria 24 horas)."},"content":{"rendered":"\n<div class=\"wp-block-algori-pdf-viewer-block-algori-pdf-viewer\"><iframe class=\"wp-block-algori-pdf-viewer-block-algori-pdf-viewer-iframe\" src=\"https:\/\/eghonguzmanb.cl\/site\/wp-content\/plugins\/algori-pdf-viewer\/dist\/web\/viewer.html?file=https%3A%2F%2Feghonguzmanb.cl%2Fsite%2Fwp-content%2Fuploads%2F2021%2F07%2FBinder1-20.pdf\" style=\"width:1200px;height:900px\"><\/iframe><\/div>\n","protected":false},"excerpt":{"rendered":"","protected":false},"author":1,"featured_media":0,"parent":0,"menu_order":0,"comment_status":"closed","ping_status":"closed","template":"","meta":{"footnotes":""},"class_list":["post-3993","page","type-page","status-publish","hentry"],"_links":{"self":[{"href":"https:\/\/eghonguzmanb.cl\/site\/wp-json\/wp\/v2\/pages\/3993","targetHints":{"allow":["GET"]}}],"collection":[{"href":"https:\/\/eghonguzmanb.cl\/site\/wp-json\/wp\/v2\/pages"}],"about":[{"href":"https:\/\/eghonguzmanb.cl\/site\/wp-json\/wp\/v2\/types\/page"}],"author":[{"embeddable":true,"href":"https:\/\/eghonguzmanb.cl\/site\/wp-json\/wp\/v2\/users\/1"}],"replies":[{"embeddable":true,"href":"https:\/\/eghonguzmanb.cl\/site\/wp-json\/wp\/v2\/comments?post=3993"}],"version-history":[{"count":2,"href":"https:\/\/eghonguzmanb.cl\/site\/wp-json\/wp\/v2\/pages\/3993\/revisions"}],"predecessor-version":[{"id":5604,"href":"https:\/\/eghonguzmanb.cl\/site\/wp-json\/wp\/v2\/pages\/3993\/revisions\/5604"}],"wp:attachment":[{"href":"https:\/\/eghonguzmanb.cl\/site\/wp-json\/wp\/v2\/media?parent=3993"}],"curies":[{"name":"wp","href":"https:\/\/api.w.org\/{rel}","templated":true}]}}