{"id":3979,"date":"2021-07-07T04:02:18","date_gmt":"2021-07-07T04:02:18","guid":{"rendered":"https:\/\/eghonguzmanb.cl\/site\/?page_id=3979"},"modified":"2021-07-07T04:02:18","modified_gmt":"2021-07-07T04:02:18","slug":"docente-i-jornadas-en-ginecologia-y-obstetricia-de-la-vi-region-de-salud-22-29-de-agosto-y-5-de-septiembre-de-1987-ministerio-de-salud-vi-region-rancagua","status":"publish","type":"page","link":"https:\/\/eghonguzmanb.cl\/site\/docente-i-jornadas-en-ginecologia-y-obstetricia-de-la-vi-region-de-salud-22-29-de-agosto-y-5-de-septiembre-de-1987-ministerio-de-salud-vi-region-rancagua\/","title":{"rendered":"Docente I jornadas en Ginecolog\u00eda y Obstetricia de la VI Regi\u00f3n de Salud, 22, 29, de Agosto y 5 de septiembre de 1987. Ministerio de salud VI Regi\u00f3n, Rancagua."},"content":{"rendered":"\n<div class=\"wp-block-algori-pdf-viewer-block-algori-pdf-viewer\"><iframe class=\"wp-block-algori-pdf-viewer-block-algori-pdf-viewer-iframe\" src=\"https:\/\/eghonguzmanb.cl\/site\/wp-content\/plugins\/algori-pdf-viewer\/dist\/web\/viewer.html?file=https%3A%2F%2Feghonguzmanb.cl%2Fsite%2Fwp-content%2Fuploads%2F2021%2F07%2FBinder1-18.pdf\" style=\"width:1200px;height:900px\"><\/iframe><\/div>\n","protected":false},"excerpt":{"rendered":"","protected":false},"author":1,"featured_media":0,"parent":0,"menu_order":0,"comment_status":"closed","ping_status":"closed","template":"","meta":{"footnotes":""},"class_list":["post-3979","page","type-page","status-publish","hentry"],"_links":{"self":[{"href":"https:\/\/eghonguzmanb.cl\/site\/wp-json\/wp\/v2\/pages\/3979","targetHints":{"allow":["GET"]}}],"collection":[{"href":"https:\/\/eghonguzmanb.cl\/site\/wp-json\/wp\/v2\/pages"}],"about":[{"href":"https:\/\/eghonguzmanb.cl\/site\/wp-json\/wp\/v2\/types\/page"}],"author":[{"embeddable":true,"href":"https:\/\/eghonguzmanb.cl\/site\/wp-json\/wp\/v2\/users\/1"}],"replies":[{"embeddable":true,"href":"https:\/\/eghonguzmanb.cl\/site\/wp-json\/wp\/v2\/comments?post=3979"}],"version-history":[{"count":1,"href":"https:\/\/eghonguzmanb.cl\/site\/wp-json\/wp\/v2\/pages\/3979\/revisions"}],"predecessor-version":[{"id":3981,"href":"https:\/\/eghonguzmanb.cl\/site\/wp-json\/wp\/v2\/pages\/3979\/revisions\/3981"}],"wp:attachment":[{"href":"https:\/\/eghonguzmanb.cl\/site\/wp-json\/wp\/v2\/media?parent=3979"}],"curies":[{"name":"wp","href":"https:\/\/api.w.org\/{rel}","templated":true}]}}