{"id":3933,"date":"2021-07-07T03:36:19","date_gmt":"2021-07-07T03:36:19","guid":{"rendered":"https:\/\/eghonguzmanb.cl\/site\/?page_id=3933"},"modified":"2021-07-07T03:36:19","modified_gmt":"2021-07-07T03:36:19","slug":"participacion-como-presidente-iii-congreso-chileno-de-ultrasonografia-en-medicina-y-biologia-del-18-al-20-de-mayo-2000-hotel-hyatt-sochumb","status":"publish","type":"page","link":"https:\/\/eghonguzmanb.cl\/site\/participacion-como-presidente-iii-congreso-chileno-de-ultrasonografia-en-medicina-y-biologia-del-18-al-20-de-mayo-2000-hotel-hyatt-sochumb\/","title":{"rendered":"Participaci\u00f3n como Presidente, III Congreso Chileno de Ultrasonograf\u00eda en Medicina y Biolog\u00eda, del 18 al 20 de mayo, 2000, Hotel Hyatt. SOCHUMB"},"content":{"rendered":"\n<div class=\"wp-block-algori-pdf-viewer-block-algori-pdf-viewer\"><iframe class=\"wp-block-algori-pdf-viewer-block-algori-pdf-viewer-iframe\" src=\"https:\/\/eghonguzmanb.cl\/site\/wp-content\/plugins\/algori-pdf-viewer\/dist\/web\/viewer.html?file=https%3A%2F%2Feghonguzmanb.cl%2Fsite%2Fwp-content%2Fuploads%2F2021%2F07%2FBinder1-1-1.pdf\" style=\"width:1200px;height:800px\"><\/iframe><\/div>\n","protected":false},"excerpt":{"rendered":"","protected":false},"author":1,"featured_media":0,"parent":0,"menu_order":0,"comment_status":"closed","ping_status":"closed","template":"","meta":{"footnotes":""},"class_list":["post-3933","page","type-page","status-publish","hentry"],"_links":{"self":[{"href":"https:\/\/eghonguzmanb.cl\/site\/wp-json\/wp\/v2\/pages\/3933","targetHints":{"allow":["GET"]}}],"collection":[{"href":"https:\/\/eghonguzmanb.cl\/site\/wp-json\/wp\/v2\/pages"}],"about":[{"href":"https:\/\/eghonguzmanb.cl\/site\/wp-json\/wp\/v2\/types\/page"}],"author":[{"embeddable":true,"href":"https:\/\/eghonguzmanb.cl\/site\/wp-json\/wp\/v2\/users\/1"}],"replies":[{"embeddable":true,"href":"https:\/\/eghonguzmanb.cl\/site\/wp-json\/wp\/v2\/comments?post=3933"}],"version-history":[{"count":1,"href":"https:\/\/eghonguzmanb.cl\/site\/wp-json\/wp\/v2\/pages\/3933\/revisions"}],"predecessor-version":[{"id":3935,"href":"https:\/\/eghonguzmanb.cl\/site\/wp-json\/wp\/v2\/pages\/3933\/revisions\/3935"}],"wp:attachment":[{"href":"https:\/\/eghonguzmanb.cl\/site\/wp-json\/wp\/v2\/media?parent=3933"}],"curies":[{"name":"wp","href":"https:\/\/api.w.org\/{rel}","templated":true}]}}