{"id":3922,"date":"2021-07-07T03:11:20","date_gmt":"2021-07-07T03:11:20","guid":{"rendered":"https:\/\/eghonguzmanb.cl\/site\/?page_id=3922"},"modified":"2021-07-07T03:39:19","modified_gmt":"2021-07-07T03:39:19","slug":"asistente-curso-teorico-practico-de-acreditacion-para-el-cribado-de-aneuploidias-en-el-primer-trimestre-8-horas-lectivas-sago-a-e-m-f-asociacion-espanola-de-medicina-materno-fetal-siadpt-socied","status":"publish","type":"page","link":"https:\/\/eghonguzmanb.cl\/site\/asistente-curso-teorico-practico-de-acreditacion-para-el-cribado-de-aneuploidias-en-el-primer-trimestre-8-horas-lectivas-sago-a-e-m-f-asociacion-espanola-de-medicina-materno-fetal-siadpt-socied\/","title":{"rendered":"Asistente curso te\u00f3rico Pr\u00e1ctico de acreditaci\u00f3n para el cribado de aneuploidias en el Primer Trimestre, (8 horas lectivas), SAGO, A.E.M.F, Asociaci\u00f3n Espa\u00f1ola de Medicina materno Fetal, SIADPT Sociedad Iberoamericana de Diagn\u00f3stico y Tratamiento, Buenos, Aires, 27 de abril del 2005."},"content":{"rendered":"\n<div class=\"wp-block-algori-pdf-viewer-block-algori-pdf-viewer\"><iframe class=\"wp-block-algori-pdf-viewer-block-algori-pdf-viewer-iframe\" src=\"https:\/\/eghonguzmanb.cl\/site\/wp-content\/plugins\/algori-pdf-viewer\/dist\/web\/viewer.html?file=https%3A%2F%2Feghonguzmanb.cl%2Fsite%2Fwp-content%2Fuploads%2F2021%2F07%2FBinder1-12.pdf\" style=\"width:1200px;height:800px\"><\/iframe><\/div>\n","protected":false},"excerpt":{"rendered":"","protected":false},"author":1,"featured_media":0,"parent":0,"menu_order":0,"comment_status":"closed","ping_status":"closed","template":"","meta":{"footnotes":""},"class_list":["post-3922","page","type-page","status-publish","hentry"],"_links":{"self":[{"href":"https:\/\/eghonguzmanb.cl\/site\/wp-json\/wp\/v2\/pages\/3922","targetHints":{"allow":["GET"]}}],"collection":[{"href":"https:\/\/eghonguzmanb.cl\/site\/wp-json\/wp\/v2\/pages"}],"about":[{"href":"https:\/\/eghonguzmanb.cl\/site\/wp-json\/wp\/v2\/types\/page"}],"author":[{"embeddable":true,"href":"https:\/\/eghonguzmanb.cl\/site\/wp-json\/wp\/v2\/users\/1"}],"replies":[{"embeddable":true,"href":"https:\/\/eghonguzmanb.cl\/site\/wp-json\/wp\/v2\/comments?post=3922"}],"version-history":[{"count":2,"href":"https:\/\/eghonguzmanb.cl\/site\/wp-json\/wp\/v2\/pages\/3922\/revisions"}],"predecessor-version":[{"id":3941,"href":"https:\/\/eghonguzmanb.cl\/site\/wp-json\/wp\/v2\/pages\/3922\/revisions\/3941"}],"wp:attachment":[{"href":"https:\/\/eghonguzmanb.cl\/site\/wp-json\/wp\/v2\/media?parent=3922"}],"curies":[{"name":"wp","href":"https:\/\/api.w.org\/{rel}","templated":true}]}}