{"id":3783,"date":"2021-07-04T15:49:44","date_gmt":"2021-07-04T15:49:44","guid":{"rendered":"https:\/\/eghonguzmanb.cl\/site\/?page_id=3783"},"modified":"2021-07-04T15:49:44","modified_gmt":"2021-07-04T15:49:44","slug":"ponente-certificado-de-participacion-mesa-de-discusion-xxiii-congreso-latinoamericano-de-obstetricia-y-ginecologia-flasog-25-28-de-abril-2021","status":"publish","type":"page","link":"https:\/\/eghonguzmanb.cl\/site\/ponente-certificado-de-participacion-mesa-de-discusion-xxiii-congreso-latinoamericano-de-obstetricia-y-ginecologia-flasog-25-28-de-abril-2021\/","title":{"rendered":"Ponente, Certificado de Participaci\u00f3n, Mesa de Discusi\u00f3n XXIII Congreso Latinoamericano de Obstetricia y Ginecolog\u00eda, FLASOG, 25-28 de Abril 2021"},"content":{"rendered":"\n<div class=\"wp-block-algori-pdf-viewer-block-algori-pdf-viewer\"><iframe class=\"wp-block-algori-pdf-viewer-block-algori-pdf-viewer-iframe\" src=\"https:\/\/eghonguzmanb.cl\/site\/wp-content\/plugins\/algori-pdf-viewer\/dist\/web\/viewer.html?file=https%3A%2F%2Feghonguzmanb.cl%2Fsite%2Fwp-content%2Fuploads%2F2021%2F07%2FCERTIFICADO-DE-PONENCIA-FLASOG-2021.pdf\" style=\"width:900px;height:1200px\"><\/iframe><\/div>\n","protected":false},"excerpt":{"rendered":"","protected":false},"author":1,"featured_media":0,"parent":0,"menu_order":0,"comment_status":"closed","ping_status":"closed","template":"","meta":{"footnotes":""},"class_list":["post-3783","page","type-page","status-publish","hentry"],"_links":{"self":[{"href":"https:\/\/eghonguzmanb.cl\/site\/wp-json\/wp\/v2\/pages\/3783","targetHints":{"allow":["GET"]}}],"collection":[{"href":"https:\/\/eghonguzmanb.cl\/site\/wp-json\/wp\/v2\/pages"}],"about":[{"href":"https:\/\/eghonguzmanb.cl\/site\/wp-json\/wp\/v2\/types\/page"}],"author":[{"embeddable":true,"href":"https:\/\/eghonguzmanb.cl\/site\/wp-json\/wp\/v2\/users\/1"}],"replies":[{"embeddable":true,"href":"https:\/\/eghonguzmanb.cl\/site\/wp-json\/wp\/v2\/comments?post=3783"}],"version-history":[{"count":1,"href":"https:\/\/eghonguzmanb.cl\/site\/wp-json\/wp\/v2\/pages\/3783\/revisions"}],"predecessor-version":[{"id":3785,"href":"https:\/\/eghonguzmanb.cl\/site\/wp-json\/wp\/v2\/pages\/3783\/revisions\/3785"}],"wp:attachment":[{"href":"https:\/\/eghonguzmanb.cl\/site\/wp-json\/wp\/v2\/media?parent=3783"}],"curies":[{"name":"wp","href":"https:\/\/api.w.org\/{rel}","templated":true}]}}