{"id":2780,"date":"2021-05-22T05:24:53","date_gmt":"2021-05-22T05:24:53","guid":{"rendered":"http:\/\/eghonguzmanb.cl\/site\/?page_id=2780"},"modified":"2021-08-13T02:02:18","modified_gmt":"2021-08-13T02:02:18","slug":"docente-curso-de-ginecologia-obstetricia-y-perinatologia-procedimientos-modernos-de-vigilancia-prenatal-doppler-cordocentesis-biopsia-de-vellosidad-corial-indicaciones-y-contraindicacion","status":"publish","type":"page","link":"https:\/\/eghonguzmanb.cl\/site\/docente-curso-de-ginecologia-obstetricia-y-perinatologia-procedimientos-modernos-de-vigilancia-prenatal-doppler-cordocentesis-biopsia-de-vellosidad-corial-indicaciones-y-contraindicacion\/","title":{"rendered":"Docente Curso de Ginecolog\u00eda, Obstetricia y Perinatolog\u00eda, \u201cProcedimientos Modernos de Vigilancia Prenatal Doppler, Cordoc\u00e9ntesis, Biopsia de Vellosidad Corial, Indicaciones y Contraindicaciones de la Cirug\u00eda Fetal, Nuevos M\u00e9todos de Exploraci\u00f3n y Manejo, del 21 al 24 de noviembre de 1988, Servicio de Salud Suroriente, SSMSO"},"content":{"rendered":"\n<div class=\"wp-block-algori-pdf-viewer-block-algori-pdf-viewer\"><iframe class=\"wp-block-algori-pdf-viewer-block-algori-pdf-viewer-iframe\" src=\"https:\/\/eghonguzmanb.cl\/site\/wp-content\/plugins\/algori-pdf-viewer\/dist\/web\/viewer.html?file=https%3A%2F%2Feghonguzmanb.cl%2Fsite%2Fwp-content%2Fuploads%2F2021%2F05%2FDocente-Curso-Ginecologia-y-Obstetricia-Chile-1988.pdf\" style=\"width:1200px;height:800px\"><\/iframe><\/div>\n","protected":false},"excerpt":{"rendered":"","protected":false},"author":1,"featured_media":0,"parent":0,"menu_order":0,"comment_status":"closed","ping_status":"closed","template":"","meta":{"footnotes":""},"class_list":["post-2780","page","type-page","status-publish","hentry"],"_links":{"self":[{"href":"https:\/\/eghonguzmanb.cl\/site\/wp-json\/wp\/v2\/pages\/2780","targetHints":{"allow":["GET"]}}],"collection":[{"href":"https:\/\/eghonguzmanb.cl\/site\/wp-json\/wp\/v2\/pages"}],"about":[{"href":"https:\/\/eghonguzmanb.cl\/site\/wp-json\/wp\/v2\/types\/page"}],"author":[{"embeddable":true,"href":"https:\/\/eghonguzmanb.cl\/site\/wp-json\/wp\/v2\/users\/1"}],"replies":[{"embeddable":true,"href":"https:\/\/eghonguzmanb.cl\/site\/wp-json\/wp\/v2\/comments?post=2780"}],"version-history":[{"count":3,"href":"https:\/\/eghonguzmanb.cl\/site\/wp-json\/wp\/v2\/pages\/2780\/revisions"}],"predecessor-version":[{"id":4695,"href":"https:\/\/eghonguzmanb.cl\/site\/wp-json\/wp\/v2\/pages\/2780\/revisions\/4695"}],"wp:attachment":[{"href":"https:\/\/eghonguzmanb.cl\/site\/wp-json\/wp\/v2\/media?parent=2780"}],"curies":[{"name":"wp","href":"https:\/\/api.w.org\/{rel}","templated":true}]}}