{"id":2734,"date":"2021-05-22T04:51:53","date_gmt":"2021-05-22T04:51:53","guid":{"rendered":"http:\/\/eghonguzmanb.cl\/site\/?page_id=2734"},"modified":"2021-06-25T01:49:42","modified_gmt":"2021-06-25T01:49:42","slug":"15-anos-de-servicio-1a-compania-de-bomberos-de-nunoa-nov-2010","status":"publish","type":"page","link":"https:\/\/eghonguzmanb.cl\/site\/15-anos-de-servicio-1a-compania-de-bomberos-de-nunoa-nov-2010\/","title":{"rendered":"15 a\u00f1os de Servicio ,1\u00aa Compa\u00f1ia de Bomberos de \u00d1u\u00f1oa, Nov 2010"},"content":{"rendered":"\n<div class=\"wp-block-algori-pdf-viewer-block-algori-pdf-viewer\"><iframe class=\"wp-block-algori-pdf-viewer-block-algori-pdf-viewer-iframe\" src=\"https:\/\/eghonguzmanb.cl\/site\/wp-content\/plugins\/algori-pdf-viewer\/dist\/web\/viewer.html?file=https%3A%2F%2Feghonguzmanb.cl%2Fsite%2Fwp-content%2Fuploads%2F2021%2F05%2FBomberos-15-An%CC%83os-de-Servicio-Nunoa.pdf\" style=\"width:1200px;height:800px\"><\/iframe><\/div>\n","protected":false},"excerpt":{"rendered":"","protected":false},"author":1,"featured_media":0,"parent":0,"menu_order":0,"comment_status":"closed","ping_status":"closed","template":"","meta":{"footnotes":""},"class_list":["post-2734","page","type-page","status-publish","hentry"],"_links":{"self":[{"href":"https:\/\/eghonguzmanb.cl\/site\/wp-json\/wp\/v2\/pages\/2734","targetHints":{"allow":["GET"]}}],"collection":[{"href":"https:\/\/eghonguzmanb.cl\/site\/wp-json\/wp\/v2\/pages"}],"about":[{"href":"https:\/\/eghonguzmanb.cl\/site\/wp-json\/wp\/v2\/types\/page"}],"author":[{"embeddable":true,"href":"https:\/\/eghonguzmanb.cl\/site\/wp-json\/wp\/v2\/users\/1"}],"replies":[{"embeddable":true,"href":"https:\/\/eghonguzmanb.cl\/site\/wp-json\/wp\/v2\/comments?post=2734"}],"version-history":[{"count":2,"href":"https:\/\/eghonguzmanb.cl\/site\/wp-json\/wp\/v2\/pages\/2734\/revisions"}],"predecessor-version":[{"id":3671,"href":"https:\/\/eghonguzmanb.cl\/site\/wp-json\/wp\/v2\/pages\/2734\/revisions\/3671"}],"wp:attachment":[{"href":"https:\/\/eghonguzmanb.cl\/site\/wp-json\/wp\/v2\/media?parent=2734"}],"curies":[{"name":"wp","href":"https:\/\/api.w.org\/{rel}","templated":true}]}}