{"id":2664,"date":"2021-05-22T01:10:53","date_gmt":"2021-05-22T01:10:53","guid":{"rendered":"http:\/\/eghonguzmanb.cl\/site\/?page_id=2664"},"modified":"2021-05-26T05:05:11","modified_gmt":"2021-05-26T05:05:11","slug":"nominacion-como-profesor-de-ultrasonido-universidad-autonoma-de-morelos-mexico-2006","status":"publish","type":"page","link":"https:\/\/eghonguzmanb.cl\/site\/nominacion-como-profesor-de-ultrasonido-universidad-autonoma-de-morelos-mexico-2006\/","title":{"rendered":"Nominaci\u00f3n como Profesor de Ultrasonido, Universidad Aut\u00f3noma de Morelos, M\u00e9xico, 2006"},"content":{"rendered":"\n<div class=\"wp-block-algori-pdf-viewer-block-algori-pdf-viewer\"><iframe class=\"wp-block-algori-pdf-viewer-block-algori-pdf-viewer-iframe\" src=\"https:\/\/eghonguzmanb.cl\/site\/wp-content\/plugins\/algori-pdf-viewer\/dist\/web\/viewer.html?file=https%3A%2F%2Feghonguzmanb.cl%2Fsite%2Fwp-content%2Fuploads%2F2021%2F05%2FU-de-Morelos-Nombramiento-Profesor-de-Ultrasonido-Mexico.pdf\" style=\"width:900px;height:1500px\"><\/iframe><\/div>\n\n\n\n<p><\/p>\n","protected":false},"excerpt":{"rendered":"","protected":false},"author":1,"featured_media":0,"parent":0,"menu_order":0,"comment_status":"closed","ping_status":"closed","template":"","meta":{"footnotes":""},"class_list":["post-2664","page","type-page","status-publish","hentry"],"_links":{"self":[{"href":"https:\/\/eghonguzmanb.cl\/site\/wp-json\/wp\/v2\/pages\/2664","targetHints":{"allow":["GET"]}}],"collection":[{"href":"https:\/\/eghonguzmanb.cl\/site\/wp-json\/wp\/v2\/pages"}],"about":[{"href":"https:\/\/eghonguzmanb.cl\/site\/wp-json\/wp\/v2\/types\/page"}],"author":[{"embeddable":true,"href":"https:\/\/eghonguzmanb.cl\/site\/wp-json\/wp\/v2\/users\/1"}],"replies":[{"embeddable":true,"href":"https:\/\/eghonguzmanb.cl\/site\/wp-json\/wp\/v2\/comments?post=2664"}],"version-history":[{"count":4,"href":"https:\/\/eghonguzmanb.cl\/site\/wp-json\/wp\/v2\/pages\/2664\/revisions"}],"predecessor-version":[{"id":3307,"href":"https:\/\/eghonguzmanb.cl\/site\/wp-json\/wp\/v2\/pages\/2664\/revisions\/3307"}],"wp:attachment":[{"href":"https:\/\/eghonguzmanb.cl\/site\/wp-json\/wp\/v2\/media?parent=2664"}],"curies":[{"name":"wp","href":"https:\/\/api.w.org\/{rel}","templated":true}]}}