{"id":2652,"date":"2021-05-22T01:08:19","date_gmt":"2021-05-22T01:08:19","guid":{"rendered":"http:\/\/eghonguzmanb.cl\/site\/?page_id=2652"},"modified":"2021-05-24T01:53:02","modified_gmt":"2021-05-24T01:53:02","slug":"miembro-adherente-fundador-capitulo-chileno-de-uroginecologia-y-cirugia-vaginal-diciembre-1990","status":"publish","type":"page","link":"https:\/\/eghonguzmanb.cl\/site\/miembro-adherente-fundador-capitulo-chileno-de-uroginecologia-y-cirugia-vaginal-diciembre-1990\/","title":{"rendered":"Miembro Adherente Fundador, Cap\u00edtulo Chileno de Uroginecolog\u00eda y Cirug\u00eda Vaginal, Diciembre 1990"},"content":{"rendered":"\n<div class=\"wp-block-algori-pdf-viewer-block-algori-pdf-viewer\"><iframe class=\"wp-block-algori-pdf-viewer-block-algori-pdf-viewer-iframe\" src=\"https:\/\/eghonguzmanb.cl\/site\/wp-content\/plugins\/algori-pdf-viewer\/dist\/web\/viewer.html?file=https%3A%2F%2Feghonguzmanb.cl%2Fsite%2Fwp-content%2Fuploads%2F2021%2F05%2FMiembro-Adherente-Fundador-Capitulo-Chileno-de-Uroginecologia-Chile-1990.pdf\" style=\"width:1200px;height:800px\"><\/iframe><\/div>\n","protected":false},"excerpt":{"rendered":"","protected":false},"author":1,"featured_media":0,"parent":0,"menu_order":0,"comment_status":"closed","ping_status":"closed","template":"","meta":{"footnotes":""},"class_list":["post-2652","page","type-page","status-publish","hentry"],"_links":{"self":[{"href":"https:\/\/eghonguzmanb.cl\/site\/wp-json\/wp\/v2\/pages\/2652","targetHints":{"allow":["GET"]}}],"collection":[{"href":"https:\/\/eghonguzmanb.cl\/site\/wp-json\/wp\/v2\/pages"}],"about":[{"href":"https:\/\/eghonguzmanb.cl\/site\/wp-json\/wp\/v2\/types\/page"}],"author":[{"embeddable":true,"href":"https:\/\/eghonguzmanb.cl\/site\/wp-json\/wp\/v2\/users\/1"}],"replies":[{"embeddable":true,"href":"https:\/\/eghonguzmanb.cl\/site\/wp-json\/wp\/v2\/comments?post=2652"}],"version-history":[{"count":2,"href":"https:\/\/eghonguzmanb.cl\/site\/wp-json\/wp\/v2\/pages\/2652\/revisions"}],"predecessor-version":[{"id":3177,"href":"https:\/\/eghonguzmanb.cl\/site\/wp-json\/wp\/v2\/pages\/2652\/revisions\/3177"}],"wp:attachment":[{"href":"https:\/\/eghonguzmanb.cl\/site\/wp-json\/wp\/v2\/media?parent=2652"}],"curies":[{"name":"wp","href":"https:\/\/api.w.org\/{rel}","templated":true}]}}