{"id":2633,"date":"2021-05-22T01:02:58","date_gmt":"2021-05-22T01:02:58","guid":{"rendered":"http:\/\/eghonguzmanb.cl\/site\/?page_id=2633"},"modified":"2021-09-24T21:36:00","modified_gmt":"2021-09-24T21:36:00","slug":"homologacion-de-titulos-consulado-espana","status":"publish","type":"page","link":"https:\/\/eghonguzmanb.cl\/site\/homologacion-de-titulos-consulado-espana\/","title":{"rendered":"Homologado al T\u00edtulo Espa\u00f1ol de Licenciado en Medicina y Cirug\u00eda  1987"},"content":{"rendered":"\t\t<div data-elementor-type=\"wp-page\" data-elementor-id=\"2633\" class=\"elementor elementor-2633\" data-elementor-settings=\"[]\">\n\t\t\t\t\t\t<div class=\"elementor-inner\">\n\t\t\t\t\t\t\t<div class=\"elementor-section-wrap\">\n\t\t\t\t\t\t\t<section class=\"elementor-section elementor-top-section elementor-element elementor-element-21937321 elementor-section-boxed elementor-section-height-default elementor-section-height-default\" data-id=\"21937321\" data-element_type=\"section\">\n\t\t\t\t\t\t<div class=\"elementor-container elementor-column-gap-default\">\n\t\t\t\t\t\t\t<div class=\"elementor-row\">\n\t\t\t\t\t<div class=\"elementor-column elementor-col-100 elementor-top-column elementor-element elementor-element-35917174\" data-id=\"35917174\" data-element_type=\"column\">\n\t\t\t<div class=\"elementor-column-wrap elementor-element-populated\">\n\t\t\t\t\t\t\t<div class=\"elementor-widget-wrap\">\n\t\t\t\t\t\t<div class=\"elementor-element elementor-element-4f3f0ab1 elementor-widget elementor-widget-text-editor\" data-id=\"4f3f0ab1\" data-element_type=\"widget\" data-widget_type=\"text-editor.default\">\n\t\t\t\t<div class=\"elementor-widget-container\">\n\t\t\t\t\t\t\t\t<div class=\"elementor-text-editor elementor-clearfix\">\n\t\t\t\t\t<!-- wp:algori-pdf-viewer\/block-algori-pdf-viewer {\"url\":\"https:\/\/eghonguzmanb.cl\/site\/wp-content\/uploads\/2021\/05\/Certificado-Homologacion.pdf\",\"width\":900,\"height\":1200,\"id\":2684} -->\n<div class=\"wp-block-algori-pdf-viewer-block-algori-pdf-viewer\"><iframe class=\"wp-block-algori-pdf-viewer-block-algori-pdf-viewer-iframe\" style=\"width: 900px; height: 1200px;\" src=\"https:\/\/eghonguzmanb.cl\/site\/wp-content\/plugins\/algori-pdf-viewer\/dist\/web\/viewer.html?file=https%3A%2F%2Feghonguzmanb.cl%2Fsite%2Fwp-content%2Fuploads%2F2021%2F05%2FCertificado-Homologacion.pdf\"><\/iframe><\/div>\n<!-- \/wp:algori-pdf-viewer\/block-algori-pdf-viewer --><!-- wp:algori-pdf-viewer\/block-algori-pdf-viewer {\"url\":\"https:\/\/eghonguzmanb.cl\/site\/wp-content\/uploads\/2021\/05\/Timbres-Diploma.pdf\",\"width\":1200,\"height\":800,\"id\":2634} -->\n<div class=\"wp-block-algori-pdf-viewer-block-algori-pdf-viewer\">\u00a0<\/div>\n<!-- \/wp:algori-pdf-viewer\/block-algori-pdf-viewer --><!-- wp:algori-pdf-viewer\/block-algori-pdf-viewer {\"url\":\"https:\/\/eghonguzmanb.cl\/site\/wp-content\/uploads\/2021\/05\/Diploma-Relaciones-Exteriores-Homologacion-Espana.pdf\",\"width\":1200,\"height\":800,\"id\":2635} -->\n<div class=\"wp-block-algori-pdf-viewer-block-algori-pdf-viewer\">\u00a0<\/div>\n<!-- \/wp:algori-pdf-viewer\/block-algori-pdf-viewer -->\t\t\t\t\t<\/div>\n\t\t\t\t\t\t<\/div>\n\t\t\t\t<\/div>\n\t\t\t\t\t\t<\/div>\n\t\t\t\t\t<\/div>\n\t\t<\/div>\n\t\t\t\t\t\t\t\t<\/div>\n\t\t\t\t\t<\/div>\n\t\t<\/section>\n\t\t\t\t\t\t<\/div>\n\t\t\t\t\t\t<\/div>\n\t\t\t\t\t<\/div>\n\t\t","protected":false},"excerpt":{"rendered":"","protected":false},"author":1,"featured_media":0,"parent":0,"menu_order":0,"comment_status":"closed","ping_status":"closed","template":"","meta":{"footnotes":""},"class_list":["post-2633","page","type-page","status-publish","hentry"],"_links":{"self":[{"href":"https:\/\/eghonguzmanb.cl\/site\/wp-json\/wp\/v2\/pages\/2633","targetHints":{"allow":["GET"]}}],"collection":[{"href":"https:\/\/eghonguzmanb.cl\/site\/wp-json\/wp\/v2\/pages"}],"about":[{"href":"https:\/\/eghonguzmanb.cl\/site\/wp-json\/wp\/v2\/types\/page"}],"author":[{"embeddable":true,"href":"https:\/\/eghonguzmanb.cl\/site\/wp-json\/wp\/v2\/users\/1"}],"replies":[{"embeddable":true,"href":"https:\/\/eghonguzmanb.cl\/site\/wp-json\/wp\/v2\/comments?post=2633"}],"version-history":[{"count":8,"href":"https:\/\/eghonguzmanb.cl\/site\/wp-json\/wp\/v2\/pages\/2633\/revisions"}],"predecessor-version":[{"id":5582,"href":"https:\/\/eghonguzmanb.cl\/site\/wp-json\/wp\/v2\/pages\/2633\/revisions\/5582"}],"wp:attachment":[{"href":"https:\/\/eghonguzmanb.cl\/site\/wp-json\/wp\/v2\/media?parent=2633"}],"curies":[{"name":"wp","href":"https:\/\/api.w.org\/{rel}","templated":true}]}}