{"id":2334,"date":"2021-05-19T04:02:14","date_gmt":"2021-05-19T04:02:14","guid":{"rendered":"http:\/\/eghonguzmanb.cl\/site\/?page_id=2334"},"modified":"2021-05-26T13:36:26","modified_gmt":"2021-05-26T13:36:26","slug":"huesped-de-honor-gobierno-municipal-autonomo-de-la-ciudad-de-la-santisima-trinidad-beni-bolivia-2009","status":"publish","type":"page","link":"https:\/\/eghonguzmanb.cl\/site\/huesped-de-honor-gobierno-municipal-autonomo-de-la-ciudad-de-la-santisima-trinidad-beni-bolivia-2009\/","title":{"rendered":"Hu\u00e9sped de Honor, Gobierno municipal Aut\u00f3nomo de la ciudad de la Sant\u00edsima Trinidad, Beni, Bolivia 2009"},"content":{"rendered":"\n<div class=\"wp-block-algori-pdf-viewer-block-algori-pdf-viewer\"><iframe class=\"wp-block-algori-pdf-viewer-block-algori-pdf-viewer-iframe\" src=\"https:\/\/eghonguzmanb.cl\/site\/wp-content\/plugins\/algori-pdf-viewer\/dist\/web\/viewer.html?file=https%3A%2F%2Feghonguzmanb.cl%2Fsite%2Fwp-content%2Fuploads%2F2021%2F05%2FHUESPED-DE-HONOR-BOLIVIA.pdf\" style=\"width:800px;height:600px\"><\/iframe><\/div>\n","protected":false},"excerpt":{"rendered":"","protected":false},"author":1,"featured_media":0,"parent":0,"menu_order":0,"comment_status":"closed","ping_status":"closed","template":"","meta":{"footnotes":""},"class_list":["post-2334","page","type-page","status-publish","hentry"],"_links":{"self":[{"href":"https:\/\/eghonguzmanb.cl\/site\/wp-json\/wp\/v2\/pages\/2334","targetHints":{"allow":["GET"]}}],"collection":[{"href":"https:\/\/eghonguzmanb.cl\/site\/wp-json\/wp\/v2\/pages"}],"about":[{"href":"https:\/\/eghonguzmanb.cl\/site\/wp-json\/wp\/v2\/types\/page"}],"author":[{"embeddable":true,"href":"https:\/\/eghonguzmanb.cl\/site\/wp-json\/wp\/v2\/users\/1"}],"replies":[{"embeddable":true,"href":"https:\/\/eghonguzmanb.cl\/site\/wp-json\/wp\/v2\/comments?post=2334"}],"version-history":[{"count":3,"href":"https:\/\/eghonguzmanb.cl\/site\/wp-json\/wp\/v2\/pages\/2334\/revisions"}],"predecessor-version":[{"id":3370,"href":"https:\/\/eghonguzmanb.cl\/site\/wp-json\/wp\/v2\/pages\/2334\/revisions\/3370"}],"wp:attachment":[{"href":"https:\/\/eghonguzmanb.cl\/site\/wp-json\/wp\/v2\/media?parent=2334"}],"curies":[{"name":"wp","href":"https:\/\/api.w.org\/{rel}","templated":true}]}}