{"id":2312,"date":"2021-05-19T03:48:00","date_gmt":"2021-05-19T03:48:00","guid":{"rendered":"http:\/\/eghonguzmanb.cl\/site\/?page_id=2312"},"modified":"2021-05-26T13:35:00","modified_gmt":"2021-05-26T13:35:00","slug":"el-comite-ejecutivo-de-flasog-y-especial-el-comite-cientifico-el-mas-profundo-agradecimiento-por-su-brillante-participacion-como-conferencista-profesor-felicitaciones-y-eterna-gratitud-21-de-sep","status":"publish","type":"page","link":"https:\/\/eghonguzmanb.cl\/site\/el-comite-ejecutivo-de-flasog-y-especial-el-comite-cientifico-el-mas-profundo-agradecimiento-por-su-brillante-participacion-como-conferencista-profesor-felicitaciones-y-eterna-gratitud-21-de-sep\/","title":{"rendered":"El comit\u00e9 ejecutivo de FLASOG y especial el comit\u00e9 cient\u00edfico, el mas profundo agradecimiento por su Brillante Participaci\u00f3n, como conferencista (Profesor), felicitaciones y eterna gratitud. 21 de septiembre 2014."},"content":{"rendered":"\n<div class=\"wp-block-algori-pdf-viewer-block-algori-pdf-viewer\"><iframe class=\"wp-block-algori-pdf-viewer-block-algori-pdf-viewer-iframe\" src=\"https:\/\/eghonguzmanb.cl\/site\/wp-content\/plugins\/algori-pdf-viewer\/dist\/web\/viewer.html?file=https%3A%2F%2Feghonguzmanb.cl%2Fsite%2Fwp-content%2Fuploads%2F2021%2F05%2FAgradecimiento-FLASOG-Panama-2014.pdf\" style=\"width:700px;height:1000px\"><\/iframe><\/div>\n","protected":false},"excerpt":{"rendered":"","protected":false},"author":1,"featured_media":0,"parent":0,"menu_order":0,"comment_status":"closed","ping_status":"closed","template":"","meta":{"footnotes":""},"class_list":["post-2312","page","type-page","status-publish","hentry"],"_links":{"self":[{"href":"https:\/\/eghonguzmanb.cl\/site\/wp-json\/wp\/v2\/pages\/2312","targetHints":{"allow":["GET"]}}],"collection":[{"href":"https:\/\/eghonguzmanb.cl\/site\/wp-json\/wp\/v2\/pages"}],"about":[{"href":"https:\/\/eghonguzmanb.cl\/site\/wp-json\/wp\/v2\/types\/page"}],"author":[{"embeddable":true,"href":"https:\/\/eghonguzmanb.cl\/site\/wp-json\/wp\/v2\/users\/1"}],"replies":[{"embeddable":true,"href":"https:\/\/eghonguzmanb.cl\/site\/wp-json\/wp\/v2\/comments?post=2312"}],"version-history":[{"count":2,"href":"https:\/\/eghonguzmanb.cl\/site\/wp-json\/wp\/v2\/pages\/2312\/revisions"}],"predecessor-version":[{"id":3368,"href":"https:\/\/eghonguzmanb.cl\/site\/wp-json\/wp\/v2\/pages\/2312\/revisions\/3368"}],"wp:attachment":[{"href":"https:\/\/eghonguzmanb.cl\/site\/wp-json\/wp\/v2\/media?parent=2312"}],"curies":[{"name":"wp","href":"https:\/\/api.w.org\/{rel}","templated":true}]}}