{"id":1054,"date":"2021-03-21T17:22:10","date_gmt":"2021-03-21T17:22:10","guid":{"rendered":"http:\/\/eghonguzmanb.cl\/site\/?page_id=1054"},"modified":"2021-05-15T18:49:12","modified_gmt":"2021-05-15T18:49:12","slug":"profesor-invitado-vi-jornadas-teorica-practica-de-obstetricia-y-ginecologia-y-simposium-internacional-de-ecografia-2","status":"publish","type":"page","link":"https:\/\/eghonguzmanb.cl\/site\/profesor-invitado-vi-jornadas-teorica-practica-de-obstetricia-y-ginecologia-y-simposium-internacional-de-ecografia-2\/","title":{"rendered":"Profesor invitado VI Jornadas Te\u00f3rica Pr\u00e1ctica de Obstetricia y ginecolog\u00eda y Simposium Internacional de Ecograf\u00eda"},"content":{"rendered":"\n<p class=\"has-text-align-center\"><code><iframe loading=\"lazy\" class=\"pdfjs-viewer\" width=\"600px\" height=\"849px\" src=\"https:\/\/eghonguzmanb.cl\/site\/wp-content\/plugins\/pdf-viewer\/stable\/web\/viewer.html?file=https:\/\/eghonguzmanb.cl\/site\/wp-content\/uploads\/2021\/03\/Profesor-invitado-VI-Jornadas-teorica-practica-de-Obstetricia-y-ginecologia-y-Simposium-Internacional-de-Ecografia.pdf\"><\/iframe> <\/code><\/p>\n","protected":false},"excerpt":{"rendered":"","protected":false},"author":1,"featured_media":0,"parent":0,"menu_order":0,"comment_status":"closed","ping_status":"closed","template":"","meta":{"footnotes":""},"class_list":["post-1054","page","type-page","status-publish","hentry"],"_links":{"self":[{"href":"https:\/\/eghonguzmanb.cl\/site\/wp-json\/wp\/v2\/pages\/1054","targetHints":{"allow":["GET"]}}],"collection":[{"href":"https:\/\/eghonguzmanb.cl\/site\/wp-json\/wp\/v2\/pages"}],"about":[{"href":"https:\/\/eghonguzmanb.cl\/site\/wp-json\/wp\/v2\/types\/page"}],"author":[{"embeddable":true,"href":"https:\/\/eghonguzmanb.cl\/site\/wp-json\/wp\/v2\/users\/1"}],"replies":[{"embeddable":true,"href":"https:\/\/eghonguzmanb.cl\/site\/wp-json\/wp\/v2\/comments?post=1054"}],"version-history":[{"count":3,"href":"https:\/\/eghonguzmanb.cl\/site\/wp-json\/wp\/v2\/pages\/1054\/revisions"}],"predecessor-version":[{"id":1931,"href":"https:\/\/eghonguzmanb.cl\/site\/wp-json\/wp\/v2\/pages\/1054\/revisions\/1931"}],"wp:attachment":[{"href":"https:\/\/eghonguzmanb.cl\/site\/wp-json\/wp\/v2\/media?parent=1054"}],"curies":[{"name":"wp","href":"https:\/\/api.w.org\/{rel}","templated":true}]}}