{"id":1022,"date":"2021-03-21T15:08:40","date_gmt":"2021-03-21T15:08:40","guid":{"rendered":"http:\/\/eghonguzmanb.cl\/site\/?page_id=1022"},"modified":"2021-03-21T15:08:40","modified_gmt":"2021-03-21T15:08:40","slug":"reconocimiento-maestro-chileno-de-la-ultrasonografia-en-medicina-y-biologia-integramedica","status":"publish","type":"page","link":"https:\/\/eghonguzmanb.cl\/site\/reconocimiento-maestro-chileno-de-la-ultrasonografia-en-medicina-y-biologia-integramedica\/","title":{"rendered":"Reconocimiento Maestro Chileno de la Ultrasonograf\u00eda en Medicina y Biolog\u00eda-Integram\u00e9dica"},"content":{"rendered":"\n<p class=\"has-text-align-center\"><code><iframe loading=\"lazy\" class=\"pdfjs-viewer\" width=\"600px\" height=\"849px\" src=\"https:\/\/eghonguzmanb.cl\/site\/wp-content\/plugins\/pdf-viewer\/stable\/web\/viewer.html?file=https:\/\/eghonguzmanb.cl\/site\/wp-content\/uploads\/2021\/03\/Maestro-Chileno-de-la-Ultrasonografia-en-Medicina-y-Biologia-Integramedica.pdf\"><\/iframe> <\/code><\/p>\n","protected":false},"excerpt":{"rendered":"","protected":false},"author":1,"featured_media":0,"parent":0,"menu_order":0,"comment_status":"closed","ping_status":"closed","template":"","meta":{"footnotes":""},"class_list":["post-1022","page","type-page","status-publish","hentry"],"_links":{"self":[{"href":"https:\/\/eghonguzmanb.cl\/site\/wp-json\/wp\/v2\/pages\/1022","targetHints":{"allow":["GET"]}}],"collection":[{"href":"https:\/\/eghonguzmanb.cl\/site\/wp-json\/wp\/v2\/pages"}],"about":[{"href":"https:\/\/eghonguzmanb.cl\/site\/wp-json\/wp\/v2\/types\/page"}],"author":[{"embeddable":true,"href":"https:\/\/eghonguzmanb.cl\/site\/wp-json\/wp\/v2\/users\/1"}],"replies":[{"embeddable":true,"href":"https:\/\/eghonguzmanb.cl\/site\/wp-json\/wp\/v2\/comments?post=1022"}],"version-history":[{"count":1,"href":"https:\/\/eghonguzmanb.cl\/site\/wp-json\/wp\/v2\/pages\/1022\/revisions"}],"predecessor-version":[{"id":1023,"href":"https:\/\/eghonguzmanb.cl\/site\/wp-json\/wp\/v2\/pages\/1022\/revisions\/1023"}],"wp:attachment":[{"href":"https:\/\/eghonguzmanb.cl\/site\/wp-json\/wp\/v2\/media?parent=1022"}],"curies":[{"name":"wp","href":"https:\/\/api.w.org\/{rel}","templated":true}]}}