{"id":10,"date":"2021-01-03T14:55:21","date_gmt":"2021-01-03T14:55:21","guid":{"rendered":"http:\/\/eghonguzmanb.cl\/site\/?page_id=10"},"modified":"2024-03-06T00:56:18","modified_gmt":"2024-03-06T00:56:18","slug":"bio","status":"publish","type":"page","link":"https:\/\/eghonguzmanb.cl\/site\/bio\/","title":{"rendered":"Bio"},"content":{"rendered":"\t\t<div data-elementor-type=\"wp-page\" data-elementor-id=\"10\" class=\"elementor elementor-10\" data-elementor-settings=\"[]\">\n\t\t\t\t\t\t<div class=\"elementor-inner\">\n\t\t\t\t\t\t\t<div class=\"elementor-section-wrap\">\n\t\t\t\t\t\t\t<section class=\"elementor-section elementor-top-section elementor-element elementor-element-3feee897 elementor-section-boxed elementor-section-height-default elementor-section-height-default\" data-id=\"3feee897\" data-element_type=\"section\">\n\t\t\t\t\t\t<div class=\"elementor-container elementor-column-gap-default\">\n\t\t\t\t\t\t\t<div class=\"elementor-row\">\n\t\t\t\t\t<div class=\"elementor-column elementor-col-100 elementor-top-column elementor-element elementor-element-3dbd3b68\" data-id=\"3dbd3b68\" data-element_type=\"column\">\n\t\t\t<div class=\"elementor-column-wrap elementor-element-populated\">\n\t\t\t\t\t\t\t<div class=\"elementor-widget-wrap\">\n\t\t\t\t\t\t<div class=\"elementor-element elementor-element-7d08a05 elementor-widget elementor-widget-text-editor\" data-id=\"7d08a05\" data-element_type=\"widget\" data-widget_type=\"text-editor.default\">\n\t\t\t\t<div class=\"elementor-widget-container\">\n\t\t\t\t\t\t\t\t<div class=\"elementor-text-editor elementor-clearfix\">\n\t\t\t\t\t<h4><!-- wp:paragraph --><\/h4>\n<h3><span style=\"color: #000000;\"><strong>Biograf\u00eda<\/strong><\/span><\/h3>\n<p><span style=\"color: #000000;\"><!-- \/wp:paragraph --><!-- wp:paragraph --><\/span><\/p>\n<p><span style=\"color: #000000;\">Eghon Guzm\u00e1n ha sido miembro de la Junta Ejecutiva de la Federaci\u00f3n Internacional de Ginecolog\u00eda y Obstetricia (FIGO) desde 2006-2008. Fue Presidente de la Sociedad Chilena de Obstetricia y Ginecolog\u00eda (SOCHOG) desde 2006-2008, Miembro de Honor de SOCHOG 2010, hab\u00eda sido Consejero de la Sociedad desde 1992. Guzm\u00e1n es Jefe de Ecograf\u00eda y Obstetricia y Ginec\u00f3logo de Integramedica BUPA, a centro privado en Santiago de Chile, cargo que ocupa desde 1996. Es miembro fundador de la Sociedad Iberoamericana de Diagn\u00f3stico y Tratamiento Prenatal (SIADPT) y se desempe\u00f1\u00f3 como Presidente de la Sociedad Chilena de Ultrasonido en Medicina y Biolog\u00eda de 1998 a 1999. El Dr. Guzm\u00e1n obtuvo su t\u00edtulo de m\u00e9dico en la Universidad de Chile 1976, realiz\u00f3 su residencia en obstetricia y ginecolog\u00eda en la Pontificia Universidad Cat\u00f3lica de Chile desde 1977 a 1980, y realizo sus estudios de posgrado en la Universidad de Barcelona, Espa\u00f1a, Hospital Universitario de Clermont Ferrand, Francia y Kings College Hospital en el Reino Unido. Cuenta con 44 a\u00f1os \u201cexperiencia en atenci\u00f3n obst\u00e9trica de emergencia adquirida en Chile en el Hospital Linares, Rancagua, Hospital Profesor, Dr. Sotero del R\u00edo, Hospital Universitario Cat\u00f3lico y Hospital Dra Eloisa D\u00edaz. Es miembro fundador de la revista de Ultrasonografia en Medicina y Biolog\u00eda, miembro del comit\u00e9 editorial de la Ecograf\u00eda de Obstetricia y Ginecolog\u00eda, editor em\u00e9rito, miembro honorario y Maestro de la Sociedad Chilena de Ultrasonografia en medicina y biologia. Fundador y creador de la Secci\u00f3n Chilena del Congreso y Colegio Americano de obstetricia y ginecolog\u00eda (ACOG), Presidente desde 2008 al 2013, fue la primera secci\u00f3n en Sudam\u00e9rica, asesor del programa de la mujer, Ministerio de Salud, Presidente del Comit\u00e9 Nacional de Obstetricia de la Mujer y Atenci\u00f3n Neonatal desde el 2010 al 2013 por Decreto presidencial, actualmente Presidente de la Asociaci\u00f3n de Sociedades Cient\u00edficas M\u00e9dicas de Chile desde 2017 a la fecha, miembro de la Mesa Social Covid 19-Chile y miembro de la mesa \u00e9tica APEC CHILE.<\/span><\/p>\n<p><span style=\"color: #000000;\"><!-- \/wp:paragraph --><!-- wp:paragraph --><\/span><\/p>\n<h4><span style=\"color: #000000;\"><em><strong>Inter\u00e9s de investigaci\u00f3n:<\/strong><\/em><\/span><\/h4>\n<p><span style=\"color: #000000;\"><!-- \/wp:paragraph --><!-- wp:paragraph --><\/span><\/p>\n<p><span style=\"color: #000000;\">Medicina Materno Fetal, Ecograf\u00eda en Ginecolog\u00eda Obst\u00e9tricia, Embarazos de alto riesgo y Salud P\u00fablica.<\/span><\/p>\n<p><span style=\"color: #000000;\"><!-- \/wp:paragraph --><!-- wp:paragraph --><!-- \/wp:paragraph --><\/span><\/p>\t\t\t\t\t<\/div>\n\t\t\t\t\t\t<\/div>\n\t\t\t\t<\/div>\n\t\t\t\t\t\t<\/div>\n\t\t\t\t\t<\/div>\n\t\t<\/div>\n\t\t\t\t\t\t\t\t<\/div>\n\t\t\t\t\t<\/div>\n\t\t<\/section>\n\t\t\t\t\t\t<\/div>\n\t\t\t\t\t\t<\/div>\n\t\t\t\t\t<\/div>\n\t\t","protected":false},"excerpt":{"rendered":"<p>Biograf\u00eda Eghon Guzm\u00e1n ha sido miembro de la Junta Ejecutiva de la Federaci\u00f3n Internacional de Ginecolog\u00eda y Obstetricia (FIGO) desde 2006-2008. Fue Presidente de la Sociedad Chilena de Obstetricia y Ginecolog\u00eda (SOCHOG) desde 2006-2008, Miembro de Honor de SOCHOG 2010, hab\u00eda sido Consejero de la Sociedad desde 1992. Guzm\u00e1n es Jefe de Ecograf\u00eda y Obstetricia y Ginec\u00f3logo de Integramedica BUPA, a centro privado en Santiago de Chile, cargo que ocupa desde 1996. Es miembro fundador de la Sociedad Iberoamericana de Diagn\u00f3stico y Tratamiento Prenatal (SIADPT) y se desempe\u00f1\u00f3 como Presidente de la Sociedad Chilena de Ultrasonido en Medicina y Biolog\u00eda de 1998 a 1999. El Dr. Guzm\u00e1n obtuvo su t\u00edtulo de m\u00e9dico en la Universidad de Chile 1976, realiz\u00f3 su residencia en obstetricia y ginecolog\u00eda en la Pontificia Universidad Cat\u00f3lica de Chile desde 1977 a 1980, y realizo sus estudios de posgrado en la Universidad de Barcelona, Espa\u00f1a, Hospital Universitario de Clermont Ferrand, Francia y Kings College Hospital en el Reino Unido. Cuenta con 44 a\u00f1os \u201cexperiencia en atenci\u00f3n obst\u00e9trica de emergencia adquirida en Chile en el Hospital Linares, Rancagua, Hospital Profesor, Dr. Sotero del R\u00edo, Hospital Universitario Cat\u00f3lico y Hospital Dra Eloisa D\u00edaz. Es miembro fundador de la revista de Ultrasonografia en Medicina y Biolog\u00eda, miembro del comit\u00e9 editorial de la Ecograf\u00eda de Obstetricia y Ginecolog\u00eda, editor em\u00e9rito, miembro honorario y Maestro de la Sociedad Chilena de Ultrasonografia en medicina y biologia. Fundador y creador de la Secci\u00f3n Chilena del Congreso y Colegio Americano de obstetricia y ginecolog\u00eda (ACOG), Presidente desde 2008 al 2013, fue la primera secci\u00f3n en Sudam\u00e9rica, asesor del programa de la mujer, Ministerio de Salud, Presidente del Comit\u00e9 Nacional de Obstetricia de la Mujer y Atenci\u00f3n Neonatal desde el 2010 al 2013 por Decreto presidencial, actualmente Presidente de la Asociaci\u00f3n de Sociedades Cient\u00edficas M\u00e9dicas de Chile desde 2017 a la fecha, miembro de la Mesa Social Covid 19-Chile y miembro de la mesa \u00e9tica APEC CHILE. Inter\u00e9s de investigaci\u00f3n: Medicina Materno Fetal, Ecograf\u00eda en Ginecolog\u00eda Obst\u00e9tricia, Embarazos de alto riesgo y Salud P\u00fablica.<\/p>\n","protected":false},"author":1,"featured_media":0,"parent":0,"menu_order":0,"comment_status":"closed","ping_status":"closed","template":"","meta":{"footnotes":""},"class_list":["post-10","page","type-page","status-publish","hentry"],"_links":{"self":[{"href":"https:\/\/eghonguzmanb.cl\/site\/wp-json\/wp\/v2\/pages\/10","targetHints":{"allow":["GET"]}}],"collection":[{"href":"https:\/\/eghonguzmanb.cl\/site\/wp-json\/wp\/v2\/pages"}],"about":[{"href":"https:\/\/eghonguzmanb.cl\/site\/wp-json\/wp\/v2\/types\/page"}],"author":[{"embeddable":true,"href":"https:\/\/eghonguzmanb.cl\/site\/wp-json\/wp\/v2\/users\/1"}],"replies":[{"embeddable":true,"href":"https:\/\/eghonguzmanb.cl\/site\/wp-json\/wp\/v2\/comments?post=10"}],"version-history":[{"count":31,"href":"https:\/\/eghonguzmanb.cl\/site\/wp-json\/wp\/v2\/pages\/10\/revisions"}],"predecessor-version":[{"id":6839,"href":"https:\/\/eghonguzmanb.cl\/site\/wp-json\/wp\/v2\/pages\/10\/revisions\/6839"}],"wp:attachment":[{"href":"https:\/\/eghonguzmanb.cl\/site\/wp-json\/wp\/v2\/media?parent=10"}],"curies":[{"name":"wp","href":"https:\/\/api.w.org\/{rel}","templated":true}]}}